{"id":8273,"date":"2025-08-25T20:23:13","date_gmt":"2025-08-25T19:23:13","guid":{"rendered":"https:\/\/www.union-staw.at\/?page_id=8273"},"modified":"2025-08-25T20:27:43","modified_gmt":"2025-08-25T19:27:43","slug":"yoga-am-morgen","status":"publish","type":"page","link":"https:\/\/www.union-staw.at\/?page_id=8273","title":{"rendered":"YOGA am Morgen"},"content":{"rendered":"<h2>Starte kraftvoll und entspannt in den Dienstag-Morgen!<\/h2>\n<h2>Unsere w\u00f6chentliche Morning-Session von 07.30-08.20 h vereint Yoga, Stretching, Atem\u00fcbungen und Meditation.<\/h2>\n<p><a href=\"https:\/\/www.union-staw.at\/wp\/wp-content\/uploads\/2025\/08\/istockphoto-539261303-612x612-1.jpg\"><img loading=\"lazy\" decoding=\"async\" class=\"size-medium wp-image-8262 alignleft\" src=\"https:\/\/www.union-staw.at\/wp\/wp-content\/uploads\/2025\/08\/istockphoto-539261303-612x612-1-300x200.jpg\" alt=\"\" width=\"300\" height=\"200\" srcset=\"https:\/\/www.union-staw.at\/wp\/wp-content\/uploads\/2025\/08\/istockphoto-539261303-612x612-1-300x200.jpg 300w, https:\/\/www.union-staw.at\/wp\/wp-content\/uploads\/2025\/08\/istockphoto-539261303-612x612-1-150x100.jpg 150w, https:\/\/www.union-staw.at\/wp\/wp-content\/uploads\/2025\/08\/istockphoto-539261303-612x612-1.jpg 612w\" sizes=\"auto, (max-width: 300px) 100vw, 300px\" \/><\/a><\/p>\n<p><a href=\"https:\/\/www.union-staw.at\/wp\/wp-content\/uploads\/2025\/08\/istockphoto-1198298325-612x612-1.jpg\"><img loading=\"lazy\" decoding=\"async\" class=\"size-medium wp-image-8261 alignleft\" src=\"https:\/\/www.union-staw.at\/wp\/wp-content\/uploads\/2025\/08\/istockphoto-1198298325-612x612-1-300x200.jpg\" alt=\"\" width=\"300\" height=\"200\" srcset=\"https:\/\/www.union-staw.at\/wp\/wp-content\/uploads\/2025\/08\/istockphoto-1198298325-612x612-1-300x200.jpg 300w, https:\/\/www.union-staw.at\/wp\/wp-content\/uploads\/2025\/08\/istockphoto-1198298325-612x612-1-150x100.jpg 150w, https:\/\/www.union-staw.at\/wp\/wp-content\/uploads\/2025\/08\/istockphoto-1198298325-612x612-1.jpg 612w\" sizes=\"auto, (max-width: 300px) 100vw, 300px\" \/><\/a><\/p>\n<h4>Finde deine Balance mit progressiver Muskelentspannung und gezielter Entspannung.<br \/>\nG\u00f6nn dir eine kleine Auszeit am Morgen \u2013 ganz f\u00fcr dich.<br \/>\nAnmeldung bei:<\/h4>\n<h4><strong>Moni Wychera<\/strong> &#8211; 0660 48 97 189 oder<\/h4>\n<h4><strong>Sabine Leimer-Vozicky &#8211; <\/strong>0676 32 86 566<\/h4>\n<p>&nbsp;<\/p>\n<h2>Start: Di, 16.9.2025 um 07.30 h<br \/>\nWo: Union STAW, Nibelungenring 28<br \/>\nKosten: 12,00\/Einheit<\/h2>\n<p>&nbsp;<\/p>\n","protected":false},"excerpt":{"rendered":"<p>Starte kraftvoll und entspannt in den Dienstag-Morgen! Unsere w\u00f6chentliche Morning-Session von 07.30-08.20 h vereint Yoga, Stretching, Atem\u00fcbungen und Meditation. Finde deine Balance mit progressiver Muskelentspannung und gezielter Entspannung. G\u00f6nn dir eine kleine Auszeit am Morgen \u2013 ganz f\u00fcr dich. Anmeldung \u2026 <a class=\"continue-reading-link\" href=\"https:\/\/www.union-staw.at\/?page_id=8273\">weiterlesen <span class=\"meta-nav\">&rarr; <\/span><\/a><\/p>\n","protected":false},"author":2,"featured_media":0,"parent":90,"menu_order":0,"comment_status":"closed","ping_status":"closed","template":"","meta":{"footnotes":""},"class_list":["post-8273","page","type-page","status-publish","hentry"],"_links":{"self":[{"href":"https:\/\/www.union-staw.at\/index.php?rest_route=\/wp\/v2\/pages\/8273","targetHints":{"allow":["GET"]}}],"collection":[{"href":"https:\/\/www.union-staw.at\/index.php?rest_route=\/wp\/v2\/pages"}],"about":[{"href":"https:\/\/www.union-staw.at\/index.php?rest_route=\/wp\/v2\/types\/page"}],"author":[{"embeddable":true,"href":"https:\/\/www.union-staw.at\/index.php?rest_route=\/wp\/v2\/users\/2"}],"replies":[{"embeddable":true,"href":"https:\/\/www.union-staw.at\/index.php?rest_route=%2Fwp%2Fv2%2Fcomments&post=8273"}],"version-history":[{"count":2,"href":"https:\/\/www.union-staw.at\/index.php?rest_route=\/wp\/v2\/pages\/8273\/revisions"}],"predecessor-version":[{"id":8276,"href":"https:\/\/www.union-staw.at\/index.php?rest_route=\/wp\/v2\/pages\/8273\/revisions\/8276"}],"up":[{"embeddable":true,"href":"https:\/\/www.union-staw.at\/index.php?rest_route=\/wp\/v2\/pages\/90"}],"wp:attachment":[{"href":"https:\/\/www.union-staw.at\/index.php?rest_route=%2Fwp%2Fv2%2Fmedia&parent=8273"}],"curies":[{"name":"wp","href":"https:\/\/api.w.org\/{rel}","templated":true}]}}