{"id":73,"date":"2013-01-16T20:24:01","date_gmt":"2013-01-16T19:24:01","guid":{"rendered":"http:\/\/www.union-staw.at\/wp\/?page_id=73"},"modified":"2017-05-08T07:10:55","modified_gmt":"2017-05-08T06:10:55","slug":"chronik","status":"publish","type":"page","link":"https:\/\/www.union-staw.at\/?page_id=73","title":{"rendered":"Chronik"},"content":{"rendered":"<h1>Chronik der Sektion Tischtennis<\/h1>\n<h2>Entstehungsgeschichte und Meisterschaft<\/h2>\n<p>Die Sektion Tischtennis der Sportunion St. Andr\u00e4-W\u00f6rdern entstand bereits 1952 bei der Gr\u00fcndung der Union in unserer Gemeinde. 1966 trat die Tischtennissektion dem N\u00d6TTV bei und seit diesem Zeitpunkt nimmt sie auch am Meisterschaftsbetrieb teil. Den Beginn machte eine Herrenmannschaft in der 3. Klasse, aber mit der Zeit stieg das Interesse und so konnten nach und nach mehr Mannschaften aufgestellt werden. Nach einer kleinen Stagnation Ende der neunziger Jahre, in denen nur mit zwei Herren- und Seniorenmannschaften gespielt wurde, geht es seit 2002 wieder kontinuierlich bergauf. Mit der Wiederaufnahme der Nachwuchsarbeit im Herbst 2004 wurde ein Schritt getan, der zuk\u00fcnftig auch wieder junge Spieler an die Spitze des Vereins bringen und vor allem auch Mannschaften in der Nachwuchsmeisterschaft etablieren soll.<\/p>\n<h2>Nachwuchsarbeit &#8211; neu<\/h2>\n<p>Animiert durch die erste Teilnahme am Ferienspiel 2003 fand sich eine kleine Gruppe Jugendlicher, die mit dem Tischtennisspielen begann. Nachdem sich im Verein kein ausgebildeter Trainer fand, wurde im Fr\u00fchjahr 2005 mit Markus Geineder (Langenzersdorf) ein engagierter und f\u00fcr unsere Verh\u00e4ltnisse perfekter Nachwuchstrainer gefunden. Aus den anf\u00e4nglichen zwei Wochenstunden wurden nach einem Jahr bereits vier Wochenstunden spezielles Nachwuchstraining. Seit 2005 findet nun zus\u00e4tzlich zur Beteiligung am Ferienspiel j\u00e4hrlich zu Schulbeginn ein &#8222;Schnuppern&#8220; f\u00fcr alle Kinder der Volksschule und der Privatschule KreaMont statt.<\/p>\n<h2>Breitensport<\/h2>\n<p>Neben einer kleinen, von der Familie Umgeher organisierten Hobbyrunde, die einmal pro Monat im Vereinshaus spielt, begann sich im Herbst 2005 eine weitere Hobbygruppe zu formieren. Aus dieser Gruppe, die noch st\u00e4ndig im Wachsen ist, gehen auch immer wieder Meisterschaftsspieler f\u00fcr die unteren Klassen hervor. Initiert durch die Hobbyspieler konnte ein zus\u00e4tzlicher Trainingstag etabliert werden, der nun allen n\u00fctzt.<br \/>\nAllj\u00e4hrlich wird auch eine Ortsmeisterschaft veranstaltet, bei der es auch Hobby-, Damen- und Nachwuchsbewerbe gibt.<\/p>\n<h2>Spielm\u00f6glichkeiten<\/h2>\n<p>Unser Hauptspiellokal ist die Volksschule St. Andr\u00e4-W\u00f6rdern, in der wir Platz f\u00fcr bis zu 9 Tische haben. Daneben gibt es noch einen Spielraum im Vereinshaus der Union St. Andr\u00e4-W\u00f6rdern, in dem die M\u00f6glichkeit besteht auf zwei Tischen zu spielen (gen\u00fctzt von Hobbyspielern und in der Ferienzeit). Beide Lokale sind beim N\u00d6TTV f\u00fcr Meisterschaftsbewerbe zugelassen.<\/p>\n<h2>Sektionsleiter<\/h2>\n<ul>\n<li>1952-1956: Karl Ortelt<\/li>\n<li>1956-1977: Ferdinand Frieberger<\/li>\n<li>1977-1980: Wolfgang Heilinger<\/li>\n<li>1980-2007: Wolfgang Limberger<\/li>\n<li>2007-2017: Dieter Baurecht<\/li>\n<li>seit 2017: Daniel Mayer<\/li>\n<\/ul>\n<h2>Einzeltitel und Platzierungen<\/h2>\n<ul>\n<li>1953: Maria Gebhart-Weixelbraun &#8211;\u00a0<strong>Union-Landesmeisterin<\/strong>\u00a0im Damen Einzel<\/li>\n<li>1967: Josef Schwarz &#8211;\u00a0<strong>Union-Landesmeister<\/strong>\u00a0im Herren Einzel<\/li>\n<li>1968: Elfriede Schwarz &#8211;\u00a0<strong>Union-Landesmeisterin<\/strong>\u00a0im Damen Einzel<\/li>\n<li>1969: Elfriede Schwarz &#8211;\u00a0<strong>Union-Landesmeisterin<\/strong>\u00a0im Damen Einzel<\/li>\n<li>1969: Josef Schwarz &#8211;\u00a0<strong>Union-Landesmeister<\/strong>\u00a0im Herren Einzel<\/li>\n<li>1970: Elfriede Schwarz &#8211;\u00a0<strong>Union-Landesmeisterin<\/strong>\u00a0im Damen Einzel<\/li>\n<li>1998: Franz Heiligenbrunner &#8211;\u00a0<strong>\u00d6sterreichischer Seniorenmeister<\/strong>\u00a0im B-Bewerb<\/li>\n<li>2007: Felix H\u00fclmbauer &#8211; N\u00d6TTV-Landesmeisterschaften, Silber im U11-Doppel (gem. mit Stefanie Kufm\u00fcller, Siendorf)<\/li>\n<li>2007: 4xGold, 2xSilber, 11xBronze bei der UNION TT Landesmeisterschaft<\/li>\n<li>2008: Fabian Hennrich &#8211; N\u00d6TTV-Landesmeisterschaften, Bronze U15-Doppel (gem. mit Florian Hofmann, SVS)<\/li>\n<li>2008: Felix H\u00fclmbauer &#8211; N\u00d6TTV-Landesmeisterschaften, Bronze U11<\/li>\n<li>2008: Felix H\u00fclmbauer &#8211; N\u00d6TTV-Landesmeisterschaften, Silber U11-Doppel (gem. mit Michael Zellhofer, Wolfpassing)<\/li>\n<li>2008: Stephan Demmer &#8211; N\u00d6TTV-Landesmeisterschaften, Bronze U11-Doppel (gem. mit Andreas Zeilerbauer, Neulengbach)<\/li>\n<li>2009: Stephan Demmer &#8211; N\u00d6TTV-Landesmeisterschaften,\u00a0<strong>Landesmeister U11-Doppel\u00a0<\/strong>(gem. mit Andreas Zeilerbauer, Neulengbach)<\/li>\n<li>2009: Stephan Demmer &#8211; N\u00d6TTV-Landesmeisterschaften,\u00a0<strong>Landesmeister U11<\/strong><\/li>\n<li>2010: Felix H\u00fclmbauer &#8211; N\u00d6TTV-Landesmeisterschaften, Bronze U13<\/li>\n<li>2010: Felix H\u00fclmbauer &#8211; N\u00d6TTV-Landesmeisterschaften, Silber U13-Doppel (gem. mit Benjamin Guggenberger, Ziersdorf)<\/li>\n<li>2010: Robert H\u00fclmbauer &#8211; N\u00d6TTV-Landesmeisterschaften, Bronze Senioren \u00fcber 50<\/li>\n<li>2010: Alfred Musil &#8211; N\u00d6TTV-Landesmeisterschaften, Bronze Doppel bis 1800 Punkte (gem. mit Wolfgang Baumgartner, WEIG)<\/li>\n<li>2010: Felix H\u00fclmbauer &#8211; N\u00d6TTV-Landesmeisterschaften, Bronze Bewerb bis 1050 Punkte<\/li>\n<li>2011: Johannes Pereira &#8211; \u00d6sterreichische Meisterschaften der Senioren, Bronze Herren Einzel 70+<\/li>\n<li>2012: Felix H\u00fclmbauer &#8211; N\u00d6TTV-Landesmeisterschaften, Silber U15-Einzel<\/li>\n<li>2012: Felix H\u00fclmbauer &#8211; N\u00d6TTV-Landesmeisterschaften, Bronze U15-Doppel (gem. mit Michael Zellhofer, Wolfpassing)<\/li>\n<li>2013: Emily Lippe\u00a0&#8211; N\u00d6TTV-Landesmeisterschaften, Bronze U11 weiblich-Einzel<\/li>\n<li>2013: Felix H\u00fclmbauer &#8211; N\u00d6TTV-Landesmeisterschaften, Bronze 1550 Punkte<\/li>\n<li>2013:\u00a0Felix H\u00fclmbauer\u00a0&#8211; N\u00d6TTV-Landesmeisterschaften, Silber U18-Doppel\u00a0(gem. mit Andreas\u00a0Hammerschmid, Tulln)<\/li>\n<li>2013: Johannes Pereira\u00a0&#8211; N\u00d6TTV-Landesmeisterschaften, Gold Senioren 70+<\/li>\n<\/ul>\n<h1>Mannschaftstitel<\/h1>\n<h3>1971\/1972<\/h3>\n<ul>\n<li>3. Klasse Mitte &#8211; Meister<\/li>\n<\/ul>\n<h3>1979\/1980<\/h3>\n<ul>\n<li>Sch\u00fcler Mitte B &#8211; Meister<\/li>\n<\/ul>\n<h3>1987\/1988<\/h3>\n<ul>\n<li>2. Klasse Mitte &#8211; Meister<\/li>\n<\/ul>\n<h3>1990\/1991<\/h3>\n<ul>\n<li>1. Klasse Mitte &#8211; Meister<\/li>\n<\/ul>\n<h3>1992<\/h3>\n<ul>\n<li>Senioren 2 (50 Jahre) &#8211; Meister<\/li>\n<\/ul>\n<h3>1993<\/h3>\n<ul>\n<li>Senioren 2 (50 Jahre) &#8211; Meister<\/li>\n<\/ul>\n<h3>1994<\/h3>\n<ul>\n<li>Senioren 2 (50 Jahre) &#8211; Meister<\/li>\n<\/ul>\n<h3>1995<\/h3>\n<ul>\n<li>Senioren 2 (50 Jahre) &#8211; Meister<\/li>\n<\/ul>\n<h3>1995\/1996<\/h3>\n<ul>\n<li>2. Klasse Mitte &#8211; Meister<\/li>\n<\/ul>\n<h3>1998<\/h3>\n<ul>\n<li>Senioren 2 (50 Jahre) &#8211; Meister<\/li>\n<\/ul>\n<h3>1999<\/h3>\n<ul>\n<li>Senioren 2 (50 Jahre) &#8211; Meister<\/li>\n<\/ul>\n<h3>2005\/06<\/h3>\n<ul>\n<li>Unterstufen Klasse (U13) m\u00e4nnlich Nord\/Mitte &#8211; Vizemeister: Daniel Mayer, Maximilian Bischof, Christian Wimmer<\/li>\n<\/ul>\n<h3>2007\/08<\/h3>\n<ul>\n<li>U15 (Sch\u00fcler) Klasse m\u00e4nnlich Mitte &#8211; Meister: Daniel Mayer, Georg Stark, Felix H\u00fclmbauer<\/li>\n<\/ul>\n<h3>2008\/09<\/h3>\n<ul>\n<li>U11 (Mini) Gruppe B &#8211; Meister: Felix H\u00fclmbauer, Stephan Demmer, Tristan Hennrich (<a href=\"https:\/\/www.union-staw.at\/archiv\/meisterurkunde_2008-09_U11_B.pdf\">Urkunde, PDF<\/a>).<\/li>\n<li>2008\/09: U13 (Unterstufe) m\u00e4nnlich Ost &#8211; Meister: Felix H\u00fclmbauer, Fabian Hennrich (<a href=\"https:\/\/www.union-staw.at\/archiv\/meisterurkunde_2008-09_U13m_Ost.pdf\">Urkunde, PDF<\/a>).<\/li>\n<li>2008\/09: 3. Klasse Mitte &#8211; Meister: Alfred Musil, Karl Limberger, Johannes Kraft sen. (<a href=\"https:\/\/www.union-staw.at\/archiv\/meisterurkunde_2008-09_3Kl_Mitte.pdf\">Urkunde, PDF<\/a>).<\/li>\n<\/ul>\n<h3>2009\/10<\/h3>\n<ul>\n<li>U11 Nord B &#8211; 1. Platz: Stephan Demmer und Andreas Zeilerbauer (SP mit Neulengbach)<\/li>\n<li>U11 Liga &#8211; Meister: Stephan Demmer und Andreas Zeilerbauer (SP mit Neulengbach)<\/li>\n<li>U13 m\u00e4nnlich Nord\/Mitte\/Ost &#8211; Meister: Felix H\u00fclmbauer und Tristan Hennrich<\/li>\n<li>U15 Mitte B &#8211; 1. Platz: Fabian Hennrich, Felix H\u00fclmbauer<\/li>\n<li>U15 1. Klasse m\u00e4nnlich Mitte\/Ost &#8211; Meister: Fabian Hennrich und Felix H\u00fclmbauer<\/li>\n<li>U18 m\u00e4nnlich Mitte A &#8211; 1. Platz: Daniel Mayer und Fabian Hennrich<\/li>\n<li>3. Klasse Mitte &#8211; Meister: Johannes Pereira, Harald Kirowitz, Gerald Lagler<\/li>\n<\/ul>\n<h3>2010\/11<\/h3>\n<ul>\n<li>Senioren 60+ 1. Klasse \u2013 Meister: Franz Heiligenbrunner, Wolfgang Limberger<\/li>\n<li>4. Klasse Mitte A &#8211; Meister: Gerald Lagler, Erich Sch\u00f6nhofer, Peter Novak, Wolfgang Limberger, Eduard Katzinger<\/li>\n<li>4. Klasse Mitte B &#8211; Meister: Felix H\u00fclmbauer, Dieter Baurecht, Florian Demmer, Peter Schneider, Stephan Demmer, Heinz Taborsky, Alexander St\u00f6ckl<\/li>\n<li>U15 1. Klasse Mitte &#8211; Meister: Felix H\u00fclmbauer, Florian Demmer, Julian Knauer, Markus Scharinger<\/li>\n<li>\u00d6M U13 &#8211; Bundesl\u00e4nderbewerb Silber: N\u00d6TTV mit Felix H\u00fclmbauer (St. Andr\u00e4-W\u00f6rdern), Sebastian Rosner (Langenlois), Benjamin Guggenberger (Ziersdorf), Alexander Rauscher (Langenlois)<\/li>\n<\/ul>\n<h3>2011\/12<\/h3>\n<ul>\n<li>U15 Liga &#8211; Vizemeister: Felix H\u00fclmbauer, Martin Steingassner (Mistelbach)<\/li>\n<li>N\u00d6TTV Donic Cup bis 4000 Punkte &#8211; Silber: Daniel Mayer, Harry Kirowitz, Dieter Baurecht<\/li>\n<li>U15 1. Klasse Mitte &#8211; Meister: Jakob Murhammer, Alexander St\u00f6ckl<\/li>\n<\/ul>\n<h3>2012\/13<\/h3>\n<ul>\n<li>Unterliga Mitte &#8211; Meister:\u00a0Bernhard L\u00f6wenstein, Felix H\u00fclmbauer, Robert H\u00fclmbauer, Daniel Mayer<\/li>\n<li>N\u00d6 DONIC Nachwuchs Cup bis 1.700 Punkte Ost &#8211; Meister:\u00a0Jakob Murhammer, Lukas Pfeiffer<\/li>\n<\/ul>\n","protected":false},"excerpt":{"rendered":"<p>Chronik der Sektion Tischtennis Entstehungsgeschichte und Meisterschaft Die Sektion Tischtennis der Sportunion St. Andr\u00e4-W\u00f6rdern entstand bereits 1952 bei der Gr\u00fcndung der Union in unserer Gemeinde. 1966 trat die Tischtennissektion dem N\u00d6TTV bei und seit diesem Zeitpunkt nimmt sie auch am \u2026 <a class=\"continue-reading-link\" href=\"https:\/\/www.union-staw.at\/?page_id=73\">weiterlesen <span class=\"meta-nav\">&rarr; <\/span><\/a><\/p>\n","protected":false},"author":4,"featured_media":0,"parent":59,"menu_order":0,"comment_status":"closed","ping_status":"closed","template":"","meta":{"footnotes":""},"class_list":["post-73","page","type-page","status-publish","hentry"],"_links":{"self":[{"href":"https:\/\/www.union-staw.at\/index.php?rest_route=\/wp\/v2\/pages\/73","targetHints":{"allow":["GET"]}}],"collection":[{"href":"https:\/\/www.union-staw.at\/index.php?rest_route=\/wp\/v2\/pages"}],"about":[{"href":"https:\/\/www.union-staw.at\/index.php?rest_route=\/wp\/v2\/types\/page"}],"author":[{"embeddable":true,"href":"https:\/\/www.union-staw.at\/index.php?rest_route=\/wp\/v2\/users\/4"}],"replies":[{"embeddable":true,"href":"https:\/\/www.union-staw.at\/index.php?rest_route=%2Fwp%2Fv2%2Fcomments&post=73"}],"version-history":[{"count":8,"href":"https:\/\/www.union-staw.at\/index.php?rest_route=\/wp\/v2\/pages\/73\/revisions"}],"predecessor-version":[{"id":4988,"href":"https:\/\/www.union-staw.at\/index.php?rest_route=\/wp\/v2\/pages\/73\/revisions\/4988"}],"up":[{"embeddable":true,"href":"https:\/\/www.union-staw.at\/index.php?rest_route=\/wp\/v2\/pages\/59"}],"wp:attachment":[{"href":"https:\/\/www.union-staw.at\/index.php?rest_route=%2Fwp%2Fv2%2Fmedia&parent=73"}],"curies":[{"name":"wp","href":"https:\/\/api.w.org\/{rel}","templated":true}]}}