{"id":7289,"date":"2022-05-04T05:19:06","date_gmt":"2022-05-04T04:19:06","guid":{"rendered":"https:\/\/www.union-staw.at\/?page_id=7289"},"modified":"2023-01-17T19:44:46","modified_gmt":"2023-01-17T18:44:46","slug":"wohlfuehltrance-kraft-tanken-im-schlaf","status":"publish","type":"page","link":"https:\/\/www.union-staw.at\/?page_id=7289","title":{"rendered":"Wohlf\u00fchltrance \u2013 Kraft tanken im \u201eSchlaf\u201c"},"content":{"rendered":"<p>Bei Interesse an diesem Angebot, dann kontaktiere bitte Martin Klaghofer!<\/p>\n<p style=\"font-weight: 400;\">Tiefenentspannung, Wohlf\u00fchltrance, Powernapping !!!<\/p>\n<p style=\"font-weight: 400;\">Tanken Sie bei einer von mir gef\u00fchrten Trance Kraft und Energie f\u00fcr Ihre n\u00e4chste Zeit<\/p>\n<p style=\"font-weight: 400;\">oder<\/p>\n<p style=\"font-weight: 400;\">g\u00f6nnen Sie sich eine gewisse Zeit der Ruhe und (Tiefen)-Entspannung nach einem \u201eharten\u201c Arbeitstag und lassen Sie sich von mir in Ihrer Trance begleiten.<\/p>\n<p style=\"font-weight: 400;\">Ganz so wie Sie wollen, frei nach dem Motto \u201ealles kann \u2013 nichts muss\u201c<\/p>\n<p style=\"font-weight: 400;\">Martin KLAGHOFER, \u00a0\u00a0\u00a0\u00a0 DGKP f\u00fcr An\u00e4sthesie\u00a0 und Intensivpflege,<\/p>\n<p style=\"font-weight: 400;\">ausgebildet in Hypnotischer Kommunikation und Trancef\u00fchrung<\/p>\n<p style=\"font-weight: 400;\">\u00a0\u00a0\u00a0\u00a0\u00a0\u00a0\u00a0\u00a0\u00a0\u00a0\u00a0 +43 676 83112712<\/p>\n<p style=\"font-weight: 400;\">\u00a0\u00a0\u00a0\u00a0\u00a0\u00a0\u00a0\u00a0\u00a0\u00a0\u00a0 hypnose-trance@gmx.at<\/p>\n<p style=\"font-weight: 400;\">\u00a0\u00a0\u00a0\u00a0\u00a0\u00a0\u00a0\u00a0\u00a0\u00a0\u00a0 www.martinklaghofer.at<\/p>\n","protected":false},"excerpt":{"rendered":"<p>Bei Interesse an diesem Angebot, dann kontaktiere bitte Martin Klaghofer! Tiefenentspannung, Wohlf\u00fchltrance, Powernapping !!! Tanken Sie bei einer von mir gef\u00fchrten Trance Kraft und Energie f\u00fcr Ihre n\u00e4chste Zeit oder g\u00f6nnen Sie sich eine gewisse Zeit der Ruhe und (Tiefen)-Entspannung \u2026 <a class=\"continue-reading-link\" href=\"https:\/\/www.union-staw.at\/?page_id=7289\">weiterlesen <span class=\"meta-nav\">&rarr; <\/span><\/a><\/p>\n","protected":false},"author":6,"featured_media":0,"parent":90,"menu_order":0,"comment_status":"closed","ping_status":"closed","template":"","meta":{"footnotes":""},"class_list":["post-7289","page","type-page","status-publish","hentry"],"_links":{"self":[{"href":"https:\/\/www.union-staw.at\/index.php?rest_route=\/wp\/v2\/pages\/7289","targetHints":{"allow":["GET"]}}],"collection":[{"href":"https:\/\/www.union-staw.at\/index.php?rest_route=\/wp\/v2\/pages"}],"about":[{"href":"https:\/\/www.union-staw.at\/index.php?rest_route=\/wp\/v2\/types\/page"}],"author":[{"embeddable":true,"href":"https:\/\/www.union-staw.at\/index.php?rest_route=\/wp\/v2\/users\/6"}],"replies":[{"embeddable":true,"href":"https:\/\/www.union-staw.at\/index.php?rest_route=%2Fwp%2Fv2%2Fcomments&post=7289"}],"version-history":[{"count":4,"href":"https:\/\/www.union-staw.at\/index.php?rest_route=\/wp\/v2\/pages\/7289\/revisions"}],"predecessor-version":[{"id":7484,"href":"https:\/\/www.union-staw.at\/index.php?rest_route=\/wp\/v2\/pages\/7289\/revisions\/7484"}],"up":[{"embeddable":true,"href":"https:\/\/www.union-staw.at\/index.php?rest_route=\/wp\/v2\/pages\/90"}],"wp:attachment":[{"href":"https:\/\/www.union-staw.at\/index.php?rest_route=%2Fwp%2Fv2%2Fmedia&parent=7289"}],"curies":[{"name":"wp","href":"https:\/\/api.w.org\/{rel}","templated":true}]}}