{"id":69,"date":"2013-01-16T20:23:28","date_gmt":"2013-01-16T19:23:28","guid":{"rendered":"http:\/\/www.union-staw.at\/wp\/?page_id=69"},"modified":"2015-11-18T08:03:15","modified_gmt":"2015-11-18T07:03:15","slug":"nachwuchs","status":"publish","type":"page","link":"https:\/\/www.union-staw.at\/?page_id=69","title":{"rendered":"Nachwuchs"},"content":{"rendered":"<h2>Seit Herbst 2004 bietet die Sektion Tischtennis ein regelm\u00e4\u00dfiges Nachwuchstraining f\u00fcr Sch\u00fcler\/innen und Jugendliche an.<\/h2>\n<p>&nbsp;<\/p>\n<div id=\"attachment_1126\" style=\"width: 170px\" class=\"wp-caption alignleft\"><img loading=\"lazy\" decoding=\"async\" aria-describedby=\"caption-attachment-1126\" class=\"size-full wp-image-1126\" alt=\"Daniel Mayer (2005)\" src=\"https:\/\/www.union-staw.at\/wp\/wp-content\/uploads\/2013\/01\/Daniel.gif\" width=\"160\" height=\"120\" \/><p id=\"caption-attachment-1126\" class=\"wp-caption-text\">Daniel Mayer (2005)<\/p><\/div>\n<p>Das\u00a0<strong>Training f\u00fcr Sch\u00fcler\/innen und Jugendliche<\/strong>, zu dem auch Anf\u00e4nger jederzeit eingeladen sind, findet w\u00e4hrend der Schulzeit\u00a0im Turnsaal der Volksschule St.Andr\u00e4-W\u00f6rdern, Greifensteinerstasse 22 statt (<a title=\"TT Trainingszeiten\" href=\"https:\/\/www.union-staw.at\/wp\/?page_id=63\">Trainingszeiten<\/a>).Wir laden Euch alle ein, mit uns Tischtennis zu spielen und interessierte Freundinnen und Freunde mitzubringen. Auch Anf\u00e4nger\/innen sind jederzeit willkommen. Vor allem sind auch die\u00a0<strong>M\u00e4dchen<\/strong>\u00a0aufgefordert, mit uns mitzuspielen!<br \/>\nNeben der Freude am Tischtennis Spielen, nehmen wir seit 2005\/2006 auch regelm\u00e4\u00dfig an den\u00a0<strong>N\u00d6 Nachwuchs-Meisterschaften\u00a0<\/strong>teil.<\/p>\n<div id=\"attachment_1125\" style=\"width: 360px\" class=\"wp-caption alignleft\"><img loading=\"lazy\" decoding=\"async\" aria-describedby=\"caption-attachment-1125\" class=\" wp-image-1125 \" alt=\"Markus beim Ferienspiel 2005\" src=\"https:\/\/www.union-staw.at\/wp\/wp-content\/uploads\/2013\/01\/FS100035.jpg\" width=\"350\" height=\"288\" \/><p id=\"caption-attachment-1125\" class=\"wp-caption-text\">Markus beim Ferienspiel 2005<\/p><\/div>\n<p>Damit unser Training auch wirklich Fr\u00fcchte tr\u00e4gt, haben wir seit Fr\u00fchjahr 2005 mit\u00a0<strong><em>Markus Geineder\u00a0<\/em><\/strong>auch einen erfahrenen Nachwuchstrainer gewonnen, den wir hier kurz vorstellen m\u00f6chten:<br \/>\nMarkus ist Ex-Landesligaspieler beim TTV Sierndorf, ausgebildeter TT- Lehrwart, allgemeiner Sport-Trainer, seit 2004\u00a0<strong>staatlich gepr\u00fcfter TT-Trainer<\/strong>. Seine\u00a0sportlichen Erfolge sind mehrfacher Meister in der N\u00d6 Landesliga &amp; und N\u00d6 Cupsieger. Seine Trainerstationen vor seinem Beginn bei der UNION St.Andr\u00e4\/W\u00f6rdern waren UNION Korneuburg, TTV Sierndorf, UKJ TYROLIA, ATUS ESSELTE Langenzersdorf. Er ist Zentrumstrainer des N\u00d6TTV, seit 12 Jahren TT-Kursleiter der \u00d6sterreichischen Turn- und Sportunion und war Coach des UNION-Nationalteams bei den FICEP-Spielen 1998 und 2003.\u00a0<strong>Und vor allem ist er auch sehr nett.<\/strong><\/p>\n","protected":false},"excerpt":{"rendered":"<p>Seit Herbst 2004 bietet die Sektion Tischtennis ein regelm\u00e4\u00dfiges Nachwuchstraining f\u00fcr Sch\u00fcler\/innen und Jugendliche an. &nbsp; Das\u00a0Training f\u00fcr Sch\u00fcler\/innen und Jugendliche, zu dem auch Anf\u00e4nger jederzeit eingeladen sind, findet w\u00e4hrend der Schulzeit\u00a0im Turnsaal der Volksschule St.Andr\u00e4-W\u00f6rdern, Greifensteinerstasse 22 statt (Trainingszeiten).Wir \u2026 <a class=\"continue-reading-link\" href=\"https:\/\/www.union-staw.at\/?page_id=69\">weiterlesen <span class=\"meta-nav\">&rarr; <\/span><\/a><\/p>\n","protected":false},"author":4,"featured_media":0,"parent":59,"menu_order":0,"comment_status":"closed","ping_status":"closed","template":"","meta":{"footnotes":""},"class_list":["post-69","page","type-page","status-publish","hentry"],"_links":{"self":[{"href":"https:\/\/www.union-staw.at\/index.php?rest_route=\/wp\/v2\/pages\/69","targetHints":{"allow":["GET"]}}],"collection":[{"href":"https:\/\/www.union-staw.at\/index.php?rest_route=\/wp\/v2\/pages"}],"about":[{"href":"https:\/\/www.union-staw.at\/index.php?rest_route=\/wp\/v2\/types\/page"}],"author":[{"embeddable":true,"href":"https:\/\/www.union-staw.at\/index.php?rest_route=\/wp\/v2\/users\/4"}],"replies":[{"embeddable":true,"href":"https:\/\/www.union-staw.at\/index.php?rest_route=%2Fwp%2Fv2%2Fcomments&post=69"}],"version-history":[{"count":9,"href":"https:\/\/www.union-staw.at\/index.php?rest_route=\/wp\/v2\/pages\/69\/revisions"}],"predecessor-version":[{"id":1124,"href":"https:\/\/www.union-staw.at\/index.php?rest_route=\/wp\/v2\/pages\/69\/revisions\/1124"}],"up":[{"embeddable":true,"href":"https:\/\/www.union-staw.at\/index.php?rest_route=\/wp\/v2\/pages\/59"}],"wp:attachment":[{"href":"https:\/\/www.union-staw.at\/index.php?rest_route=%2Fwp%2Fv2%2Fmedia&parent=69"}],"curies":[{"name":"wp","href":"https:\/\/api.w.org\/{rel}","templated":true}]}}