{"id":6681,"date":"2020-07-11T12:02:33","date_gmt":"2020-07-11T11:02:33","guid":{"rendered":"http:\/\/www.union-staw.at\/?page_id=6681"},"modified":"2020-07-11T12:02:33","modified_gmt":"2020-07-11T11:02:33","slug":"bankverbindung-tischtennis","status":"publish","type":"page","link":"https:\/\/www.union-staw.at\/?page_id=6681","title":{"rendered":"Bankverbindung Tischtennis"},"content":{"rendered":"<h3>Bankverbindung <span style=\"color: #ff0000;\">Sektion Tischtennis<\/span> (inkl. <span style=\"color: #ff0000;\">Badminton<\/span>)<\/h3>\n<p style=\"padding-left: 40px;\">Sportunion St. Andr\u00e4-W\u00f6rdern, Sektion Tischtennis<br \/>\nRaiffeisenbank Tulln<br \/>\nIBAN: AT17 3288 0000 0700 4500<br \/>\n(BIC: RLNWATW1880)<\/p>\n<p>Bitte bei \u00dcberweisungen immer den Zahlungsgrund (z.B. Mitgliedsbeitrag Jahr 2020\/21) und den Mitgliedsname (vor allem bei Kindern) angeben.<\/p>\n","protected":false},"excerpt":{"rendered":"<p>Bankverbindung Sektion Tischtennis (inkl. Badminton) Sportunion St. Andr\u00e4-W\u00f6rdern, Sektion Tischtennis Raiffeisenbank Tulln IBAN: AT17 3288 0000 0700 4500 (BIC: RLNWATW1880) Bitte bei \u00dcberweisungen immer den Zahlungsgrund (z.B. Mitgliedsbeitrag Jahr 2020\/21) und den Mitgliedsname (vor allem bei Kindern) angeben.<\/p>\n","protected":false},"author":4,"featured_media":0,"parent":0,"menu_order":0,"comment_status":"closed","ping_status":"closed","template":"","meta":{"footnotes":""},"class_list":["post-6681","page","type-page","status-publish","hentry"],"_links":{"self":[{"href":"https:\/\/www.union-staw.at\/index.php?rest_route=\/wp\/v2\/pages\/6681","targetHints":{"allow":["GET"]}}],"collection":[{"href":"https:\/\/www.union-staw.at\/index.php?rest_route=\/wp\/v2\/pages"}],"about":[{"href":"https:\/\/www.union-staw.at\/index.php?rest_route=\/wp\/v2\/types\/page"}],"author":[{"embeddable":true,"href":"https:\/\/www.union-staw.at\/index.php?rest_route=\/wp\/v2\/users\/4"}],"replies":[{"embeddable":true,"href":"https:\/\/www.union-staw.at\/index.php?rest_route=%2Fwp%2Fv2%2Fcomments&post=6681"}],"version-history":[{"count":1,"href":"https:\/\/www.union-staw.at\/index.php?rest_route=\/wp\/v2\/pages\/6681\/revisions"}],"predecessor-version":[{"id":6682,"href":"https:\/\/www.union-staw.at\/index.php?rest_route=\/wp\/v2\/pages\/6681\/revisions\/6682"}],"wp:attachment":[{"href":"https:\/\/www.union-staw.at\/index.php?rest_route=%2Fwp%2Fv2%2Fmedia&parent=6681"}],"curies":[{"name":"wp","href":"https:\/\/api.w.org\/{rel}","templated":true}]}}