{"id":65,"date":"2013-01-16T20:22:52","date_gmt":"2013-01-16T19:22:52","guid":{"rendered":"http:\/\/www.union-staw.at\/wp\/?page_id=65"},"modified":"2024-08-30T04:58:39","modified_gmt":"2024-08-30T03:58:39","slug":"termine","status":"publish","type":"page","link":"https:\/\/www.union-staw.at\/?page_id=65","title":{"rendered":"Termine"},"content":{"rendered":"<p><iframe loading=\"lazy\" style=\"border: solid 1px #777;\" src=\"https:\/\/calendar.google.com\/calendar\/embed?height=600&amp;wkst=2&amp;bgcolor=%23ffffff&amp;ctz=Europe%2FVienna&amp;mode=AGENDA&amp;showTitle=0&amp;src=NWFvYzN1bDY1OTk4MXVvYzlkMTNrbThkcG9AZ3JvdXAuY2FsZW5kYXIuZ29vZ2xlLmNvbQ&amp;src=ZmxkdnVhNTFoYnNuM3B2cTh2M2N2YmJiZ3NAZ3JvdXAuY2FsZW5kYXIuZ29vZ2xlLmNvbQ&amp;src=ZzNxMzZla3JvOTU5NmYyaG5lZzk0MDVmYjRAZ3JvdXAuY2FsZW5kYXIuZ29vZ2xlLmNvbQ&amp;src=NXQ3aTE5dGVwYWkzdm9qYmkyYWVwYWxldjRAZ3JvdXAuY2FsZW5kYXIuZ29vZ2xlLmNvbQ&amp;src=NDBpM3I3dTA3cmJtOTVidHZic21pZG91M3NAZ3JvdXAuY2FsZW5kYXIuZ29vZ2xlLmNvbQ&amp;src=ZGUuYXVzdHJpYW4jaG9saWRheUBncm91cC52LmNhbGVuZGFyLmdvb2dsZS5jb20&amp;src=ZzVnbDNiMGxmcGl2OWhpbzV1YzN0bzE4ZWhhcjBqM2RAaW1wb3J0LmNhbGVuZGFyLmdvb2dsZS5jb20&amp;src=M2FvbGhnb3Y1bGlkdW4zOGg3aHZwbG9rZDYyZG1vZTBAaW1wb3J0LmNhbGVuZGFyLmdvb2dsZS5jb20&amp;color=%2333B679&amp;color=%23009688&amp;color=%230B8043&amp;color=%230B8043&amp;color=%23F4511E&amp;color=%230B8043&amp;color=%237CB342&amp;color=%23C0CA33\" width=\"800\" height=\"600\" frameborder=\"0\" scrolling=\"no\"><\/iframe><\/p>\n<p>F\u00fcr weitere Informationen (Ort, Zeit, etc.) auf den jeweiligen Termin klicken. Um nur einzelne Termingruppen anzuzeigen, in der Kalender-Kopfzeile ganz rechts die Auswahlbox anklicken und die anderen Kalender deaktivieren (Meisterschaftstermine sind die http-links).<\/p>\n<p><strong>Erkl\u00e4rung der verschiedenen Nachwuchs Turnier- und Meisterschaftskategorien:<\/strong><\/p>\n<p><span style=\"color: #339966;\"><strong>(<\/strong><strong>Nachwuchs-)Ranglistenturnier (NW-)RLT:\u00a0<\/strong><\/span>Einzelnes Turnier, das von einem nieder\u00f6sterreichischen Verein veranstaltet wird.<br \/>\nBei NW-RLTs\u00a0spielen die Kinder einzeln\u00a0gegen Spieler\/innen ihrer Altersklasse. Ist ein Nachwuchsturnier nicht als <strong>Ranglisten<\/strong>turnier deklariert, werden die Ergebnisse auch nicht f\u00fcr die Nieder\u00f6sterreichische Rangliste gewertet.<br \/>\n<strong>Anmeldung:<\/strong> Etwa eine Woche vor dem Turnier notwendig.<br \/>\n<strong>Nenngeld:<\/strong> Meist vor Ort zu bezahlen.<\/p>\n<p><span style=\"color: #339966;\"><strong>N\u00d6TTV Nachwuchs-Liga (NWL):<\/strong><\/span> Eine <strong>nieder\u00f6sterreichweite<\/strong> Turnierserie mit 3-4 Turnieren pro Spieljahr.<br \/>\nBei diesen Turnieren spielen die Kinder Einzelbewerbe (also nicht als Mannschaft) gegen Spieler\/innen ihrer Spielst\u00e4rke. Es bestehen derzeit 7 nach Spielst\u00e4rke organisierte Gruppen, in denen die Spieler\/innen je nach Erfolg auf oder absteigen k\u00f6nnen. F\u00fcr die Anf\u00e4nger\/innen gibt es &#8222;Einsteigergruppen&#8220; \u00fcber die sich neue Spieler\/innen in die Gruppen qualifizieren k\u00f6nnen. Wenn sich Spieler\/innen bereits in einer Gruppe befinden und an einem Turnier der Serie nicht mitspielen, steigen sie automatisch wieder eine Gruppe oder zu den Einsteigern ab.<br \/>\n<strong>Anmeldung:<\/strong> Etwa eine Woche vor dem Turnier notwendig.<br \/>\n<strong>Nenngeld:<\/strong> Muss vom Verein an den Verband \u00fcberwiesen werden.<\/p>\n<p><span style=\"color: #339966;\"><strong>\u00d6TTV Nachwuchs-Superliga (NWSL):<\/strong><\/span> Eine <strong>\u00f6sterreichweite <\/strong>Turnierserie mit 3-4 Turnieren pro Spieljahr.<br \/>\nWie die N\u00d6TTV Nachwuchsliga, aber nur f\u00fcr bereits fortgeschrittene Spieler sinnvoll. Die Turniere der Nachwuchs-Superliga finden immer an 2 Tagen statt (Samstag und Sonntag).<br \/>\n<strong>Anmeldung:<\/strong> Etwa zwei Wochen vor dem Turnier notwendig.<br \/>\n<strong>Nenngeld:<\/strong> Muss vom Verein an den Verband \u00fcberwiesen werden.<\/p>\n<p><span style=\"color: #339966;\"><strong>Uxy-Meisterschaft:<\/strong><\/span> Mannschaftsbewerb f\u00fcr eine Altersklasse (<strong>U11, U13, U15, U18, U21<\/strong>).<br \/>\nHier treffen die Nachwuchsmannschaften einer Altersklasse von verschiedenen Vereinen an einem Ort zusammen und spielen als Mannschaft (meist 2er Mannschaften) gegeneinander. Hier z\u00e4hlt im Wesentlichen der Mannschaftserfolg.<br \/>\nDie Altersklassen sind per Stichtag definiert (also nicht dadurch wie alt die Kinder aktuell sind) und gelten immer f\u00fcr das ganze Sportjahr. J\u00fcngere Spieler\/innen k\u00f6nnen auch in Bewerben einer h\u00f6heren Altersklasse mitspielen.<br \/>\n<strong>Anmeldung:<\/strong> Die Anmeldung der Mannschaften f\u00fcr diese Bewerbe erfolg bereits im Herbst des Spieljahres.<br \/>\n<strong>Nenngeld:<\/strong> Die Meisterschaftsgeb\u00fchr wird vom Verein bezahlt.<\/p>\n<p><span style=\"color: #339966;\"><strong>\u00d6M Uxy:<\/strong><\/span> \u00d6sterreichische Meisterschaften f\u00fcr eine Altersklasse (<strong>U11, U13, U15, U18, U21<\/strong>).<br \/>\nNur f\u00fcr bereits fortgeschrittene Spieler sinnvoll.<br \/>\n<strong>Anmeldung:<\/strong> Etwa zwei bis drei Wochen vor dem Turnier notwendig.<br \/>\n<strong>Nenngeld:<\/strong> Muss vom Verein an den Verband \u00fcberwiesen werden.<\/p>\n","protected":false},"excerpt":{"rendered":"<p>F\u00fcr weitere Informationen (Ort, Zeit, etc.) auf den jeweiligen Termin klicken. Um nur einzelne Termingruppen anzuzeigen, in der Kalender-Kopfzeile ganz rechts die Auswahlbox anklicken und die anderen Kalender deaktivieren (Meisterschaftstermine sind die http-links). Erkl\u00e4rung der verschiedenen Nachwuchs Turnier- und Meisterschaftskategorien: \u2026 <a class=\"continue-reading-link\" href=\"https:\/\/www.union-staw.at\/?page_id=65\">weiterlesen <span class=\"meta-nav\">&rarr; <\/span><\/a><\/p>\n","protected":false},"author":2,"featured_media":0,"parent":59,"menu_order":0,"comment_status":"closed","ping_status":"closed","template":"templates\/template-onecolumn.php","meta":{"footnotes":""},"class_list":["post-65","page","type-page","status-publish","hentry"],"_links":{"self":[{"href":"https:\/\/www.union-staw.at\/index.php?rest_route=\/wp\/v2\/pages\/65","targetHints":{"allow":["GET"]}}],"collection":[{"href":"https:\/\/www.union-staw.at\/index.php?rest_route=\/wp\/v2\/pages"}],"about":[{"href":"https:\/\/www.union-staw.at\/index.php?rest_route=\/wp\/v2\/types\/page"}],"author":[{"embeddable":true,"href":"https:\/\/www.union-staw.at\/index.php?rest_route=\/wp\/v2\/users\/2"}],"replies":[{"embeddable":true,"href":"https:\/\/www.union-staw.at\/index.php?rest_route=%2Fwp%2Fv2%2Fcomments&post=65"}],"version-history":[{"count":24,"href":"https:\/\/www.union-staw.at\/index.php?rest_route=\/wp\/v2\/pages\/65\/revisions"}],"predecessor-version":[{"id":7653,"href":"https:\/\/www.union-staw.at\/index.php?rest_route=\/wp\/v2\/pages\/65\/revisions\/7653"}],"up":[{"embeddable":true,"href":"https:\/\/www.union-staw.at\/index.php?rest_route=\/wp\/v2\/pages\/59"}],"wp:attachment":[{"href":"https:\/\/www.union-staw.at\/index.php?rest_route=%2Fwp%2Fv2%2Fmedia&parent=65"}],"curies":[{"name":"wp","href":"https:\/\/api.w.org\/{rel}","templated":true}]}}