{"id":63,"date":"2013-01-16T20:22:31","date_gmt":"2013-01-16T19:22:31","guid":{"rendered":"http:\/\/www.union-staw.at\/wp\/?page_id=63"},"modified":"2023-09-04T15:55:45","modified_gmt":"2023-09-04T14:55:45","slug":"trainingszeiten-allg","status":"publish","type":"page","link":"https:\/\/www.union-staw.at\/?page_id=63","title":{"rendered":"Training"},"content":{"rendered":"<h3>Allgemein<\/h3>\n<p style=\"padding-left: 30px;\">Das Training findet au\u00dfer in Ausnahmef\u00e4llen nur w\u00e4hrend\u00a0der\u00a0Schulzeit statt.<br \/>\nBeginn und &#8222;Schnuppern&#8220; ist f\u00fcr Kinder und Erwachsene w\u00e4hrend der Trainingszeiten jederzeit m\u00f6glich.<\/p>\n<h3>Trainingsort<\/h3>\n<p style=\"padding-left: 30px;\"><a href=\"http:\/\/maps.google.at\/maps?f=q&amp;source=s_q&amp;hl=de&amp;geocode=&amp;q=Volksschule+St.+Andr%C3%A4-W%C3%B6rdern&amp;aq=&amp;sll=48.323615,16.210756&amp;sspn=0.044401,0.069695&amp;ie=UTF8&amp;hq=Volksschule+St.+Andr%C3%A4-W%C3%B6rdern&amp;hnear=&amp;z=14\" target=\"_blank\" rel=\"noopener noreferrer\">\u21d2 Turnsaal der Volksschule St. Andr\u00e4-W\u00f6rdern<\/a><br \/>\nGreifensteiner Stra\u00dfe 22<br \/>\n3423 St. Andr\u00e4-W\u00f6rdern<\/p>\n<h3>Termine (<a href=\"https:\/\/www.union-staw.at\/wp\/?page_id=65\">\u21d2 zum tagesaktuellen Tischtennis Kalender<\/a>)<\/h3>\n<h4>Das Training entf\u00e4llt in den Wochen in denen Schulferien sind!<\/h4>\n<p style=\"padding-left: 30px;\"><strong>MeisterschaftsspielerInnen<\/strong>:<br \/>\nDienstag, 18:30-21:00 Uhr.<\/p>\n<p style=\"padding-left: 30px;\"><strong>HobbyspielerInnen<\/strong>:<br \/>\nMittwoch 19:00-21:00 Uhr.<\/p>\n<p style=\"padding-left: 30px;\"><strong>Nachwuchstraining<\/strong>:<br \/>\nMittwoch 17:00-19:00 Uhr (f\u00fcr alle).<br \/>\nSamstag 14:45-16:00 Uhr (f\u00fcr Fortgeschrittene).<\/p>\n<p style=\"padding-left: 30px;\"><strong>Trainerstunden<\/strong> (nach Vereinbarung): Mittwoch 19:00-21:00 Uhr.<\/p>\n<h3>Mitgliedsbeitr\u00e4ge<\/h3>\n<p style=\"padding-left: 30px;\"><strong>Nachwuchs<\/strong>:<br \/>\n80,- \u20ac\/Spielsaison\u00a0(Sept.-Juni) oder 45,- \u20ac\/Semester<\/p>\n<p style=\"padding-left: 30px;\"><strong>Meisterschaft und Hobby<\/strong>:<br \/>\n110,- \u20ac\/Spielsaison\u00a0(Sept.-Juni) oder 60,- \u20ac\/Semester<\/p>\n<h3>Bankverbindung Sektion Tischtennis (inkl. Badminton)<\/h3>\n<p style=\"padding-left: 40px;\">Sportunion St. Andr\u00e4-W\u00f6rdern, Sektion Tischtennis<br \/>\nRaiffeisenbank Tulln<br \/>\nIBAN: AT17 3288 0000 0700 4500<br \/>\n(BIC: RLNWATW1880)<\/p>\n","protected":false},"excerpt":{"rendered":"<p>Allgemein Das Training findet au\u00dfer in Ausnahmef\u00e4llen nur w\u00e4hrend\u00a0der\u00a0Schulzeit statt. Beginn und &#8222;Schnuppern&#8220; ist f\u00fcr Kinder und Erwachsene w\u00e4hrend der Trainingszeiten jederzeit m\u00f6glich. Trainingsort \u21d2 Turnsaal der Volksschule St. Andr\u00e4-W\u00f6rdern Greifensteiner Stra\u00dfe 22 3423 St. Andr\u00e4-W\u00f6rdern Termine (\u21d2 zum tagesaktuellen \u2026 <a class=\"continue-reading-link\" href=\"https:\/\/www.union-staw.at\/?page_id=63\">weiterlesen <span class=\"meta-nav\">&rarr; <\/span><\/a><\/p>\n","protected":false},"author":4,"featured_media":0,"parent":59,"menu_order":0,"comment_status":"closed","ping_status":"closed","template":"","meta":{"footnotes":""},"class_list":["post-63","page","type-page","status-publish","hentry"],"_links":{"self":[{"href":"https:\/\/www.union-staw.at\/index.php?rest_route=\/wp\/v2\/pages\/63","targetHints":{"allow":["GET"]}}],"collection":[{"href":"https:\/\/www.union-staw.at\/index.php?rest_route=\/wp\/v2\/pages"}],"about":[{"href":"https:\/\/www.union-staw.at\/index.php?rest_route=\/wp\/v2\/types\/page"}],"author":[{"embeddable":true,"href":"https:\/\/www.union-staw.at\/index.php?rest_route=\/wp\/v2\/users\/4"}],"replies":[{"embeddable":true,"href":"https:\/\/www.union-staw.at\/index.php?rest_route=%2Fwp%2Fv2%2Fcomments&post=63"}],"version-history":[{"count":67,"href":"https:\/\/www.union-staw.at\/index.php?rest_route=\/wp\/v2\/pages\/63\/revisions"}],"predecessor-version":[{"id":7651,"href":"https:\/\/www.union-staw.at\/index.php?rest_route=\/wp\/v2\/pages\/63\/revisions\/7651"}],"up":[{"embeddable":true,"href":"https:\/\/www.union-staw.at\/index.php?rest_route=\/wp\/v2\/pages\/59"}],"wp:attachment":[{"href":"https:\/\/www.union-staw.at\/index.php?rest_route=%2Fwp%2Fv2%2Fmedia&parent=63"}],"curies":[{"name":"wp","href":"https:\/\/api.w.org\/{rel}","templated":true}]}}