{"id":6,"date":"2013-01-16T19:22:17","date_gmt":"2013-01-16T18:22:17","guid":{"rendered":"http:\/\/www.union-staw.at\/wp\/?page_id=6"},"modified":"2013-01-22T09:57:07","modified_gmt":"2013-01-22T08:57:07","slug":"union","status":"publish","type":"page","link":"https:\/\/www.union-staw.at\/?page_id=6","title":{"rendered":"Union St. Andr\u00e4-W\u00f6rdern"},"content":{"rendered":"<h2>Wir stellen in unserer Gemeinde ein umfangreiches Programm an Sportm\u00f6glichkeiten.<\/h2>\n<p>Wir wollen allen Einwohnerinnen, Einwohnern und G\u00e4sten von St. Andr\u00e4-W\u00f6rdern, im Besonderen unserer Jugend und unseren Familien, den Zugang zu einem vielf\u00e4ltigen und leistbaren Sportangebot erm\u00f6glichen.<\/p>\n<p>Unser Ziel ist, dadurch Sport, Gemeinschaft, Fitness und besonders die Gesundheit der Teilnehmerinnen und Teilnehmer zu f\u00f6rdern.<\/p>\n<p>F\u00fcr die Wirtschaft und das Projekt \u201eGesunde Gemeinde\u201c sind wir ein kooperativer und verl\u00e4sslicher Partner.<\/p>\n<p>Wir versuchen unseren Mitgliedern eine\u00a0angenehme Atmosph\u00e4re zum Sportbetreiben zu bieten. Von den ganz Kleinen bis zu den Profis bieten wir ein breites Spektrum an Sportarten. Die Jugendarbeit wird bei uns gro\u00dfgeschrieben, zahlreiche Gruppen in den verschiedenen Sektionen werden ganzj\u00e4hrig von ausgebildeten Trainern betreut.<\/p>\n<h2>Die Informationen zu unserem Sportprogramm findet ihr auf diesen Seiten.<\/h2>\n","protected":false},"excerpt":{"rendered":"<p>Wir stellen in unserer Gemeinde ein umfangreiches Programm an Sportm\u00f6glichkeiten. Wir wollen allen Einwohnerinnen, Einwohnern und G\u00e4sten von St. Andr\u00e4-W\u00f6rdern, im Besonderen unserer Jugend und unseren Familien, den Zugang zu einem vielf\u00e4ltigen und leistbaren Sportangebot erm\u00f6glichen. Unser Ziel ist, dadurch \u2026 <a class=\"continue-reading-link\" href=\"https:\/\/www.union-staw.at\/?page_id=6\">weiterlesen <span class=\"meta-nav\">&rarr; <\/span><\/a><\/p>\n","protected":false},"author":2,"featured_media":0,"parent":0,"menu_order":0,"comment_status":"closed","ping_status":"closed","template":"","meta":{"footnotes":""},"class_list":["post-6","page","type-page","status-publish","hentry"],"_links":{"self":[{"href":"https:\/\/www.union-staw.at\/index.php?rest_route=\/wp\/v2\/pages\/6","targetHints":{"allow":["GET"]}}],"collection":[{"href":"https:\/\/www.union-staw.at\/index.php?rest_route=\/wp\/v2\/pages"}],"about":[{"href":"https:\/\/www.union-staw.at\/index.php?rest_route=\/wp\/v2\/types\/page"}],"author":[{"embeddable":true,"href":"https:\/\/www.union-staw.at\/index.php?rest_route=\/wp\/v2\/users\/2"}],"replies":[{"embeddable":true,"href":"https:\/\/www.union-staw.at\/index.php?rest_route=%2Fwp%2Fv2%2Fcomments&post=6"}],"version-history":[{"count":14,"href":"https:\/\/www.union-staw.at\/index.php?rest_route=\/wp\/v2\/pages\/6\/revisions"}],"predecessor-version":[{"id":839,"href":"https:\/\/www.union-staw.at\/index.php?rest_route=\/wp\/v2\/pages\/6\/revisions\/839"}],"wp:attachment":[{"href":"https:\/\/www.union-staw.at\/index.php?rest_route=%2Fwp%2Fv2%2Fmedia&parent=6"}],"curies":[{"name":"wp","href":"https:\/\/api.w.org\/{rel}","templated":true}]}}