{"id":59,"date":"2013-01-16T20:21:54","date_gmt":"2013-01-16T19:21:54","guid":{"rendered":"http:\/\/www.union-staw.at\/wp\/?page_id=59"},"modified":"2015-11-18T08:03:23","modified_gmt":"2015-11-18T07:03:23","slug":"tischtennis","status":"publish","type":"page","link":"https:\/\/www.union-staw.at\/?page_id=59","title":{"rendered":"Tischtennis"},"content":{"rendered":"<h2>Willkommen bei der Sektion Tischtennis der Sportunion St. Andr\u00e4-W\u00f6rdern<\/h2>\n<p>Die Sektion Tischtennis der Sportunion St. Andr\u00e4-W\u00f6rdern bietet\u00a0<strong>Tischtennis f\u00fcr alle Altersklassen, Geschlechter und Spielst\u00e4rken<\/strong>. Seht Euch auf unseren Seiten um, ob Hobbyspieler, angehende Weltmeisterin oder Halbprofi, ihr seid alle herzlich willkommen!<\/p>\n<p><img loading=\"lazy\" decoding=\"async\" src=\"https:\/\/www.union-staw.at\/wp\/wp-content\/uploads\/jos_stories\/tischtennis\/2009\/2009-12-11_EChl.jpg\" alt=\"2009-12-11_EChl\" width=\"400\" height=\"285\" \/><\/p>\n<div>Ausflug zum Champions League Spiel in Wolkersdorf (11.12.2009). Weltmeister Werner Schlager begr\u00fc\u00dft seine jungen Fans aus St. Andr\u00e4-W\u00f6rdern.<\/div>\n","protected":false},"excerpt":{"rendered":"<p>Willkommen bei der Sektion Tischtennis der Sportunion St. Andr\u00e4-W\u00f6rdern Die Sektion Tischtennis der Sportunion St. Andr\u00e4-W\u00f6rdern bietet\u00a0Tischtennis f\u00fcr alle Altersklassen, Geschlechter und Spielst\u00e4rken. Seht Euch auf unseren Seiten um, ob Hobbyspieler, angehende Weltmeisterin oder Halbprofi, ihr seid alle herzlich willkommen! \u2026 <a class=\"continue-reading-link\" href=\"https:\/\/www.union-staw.at\/?page_id=59\">weiterlesen <span class=\"meta-nav\">&rarr; <\/span><\/a><\/p>\n","protected":false},"author":4,"featured_media":0,"parent":0,"menu_order":0,"comment_status":"closed","ping_status":"closed","template":"","meta":{"footnotes":""},"class_list":["post-59","page","type-page","status-publish","hentry"],"_links":{"self":[{"href":"https:\/\/www.union-staw.at\/index.php?rest_route=\/wp\/v2\/pages\/59","targetHints":{"allow":["GET"]}}],"collection":[{"href":"https:\/\/www.union-staw.at\/index.php?rest_route=\/wp\/v2\/pages"}],"about":[{"href":"https:\/\/www.union-staw.at\/index.php?rest_route=\/wp\/v2\/types\/page"}],"author":[{"embeddable":true,"href":"https:\/\/www.union-staw.at\/index.php?rest_route=\/wp\/v2\/users\/4"}],"replies":[{"embeddable":true,"href":"https:\/\/www.union-staw.at\/index.php?rest_route=%2Fwp%2Fv2%2Fcomments&post=59"}],"version-history":[{"count":6,"href":"https:\/\/www.union-staw.at\/index.php?rest_route=\/wp\/v2\/pages\/59\/revisions"}],"predecessor-version":[{"id":3382,"href":"https:\/\/www.union-staw.at\/index.php?rest_route=\/wp\/v2\/pages\/59\/revisions\/3382"}],"wp:attachment":[{"href":"https:\/\/www.union-staw.at\/index.php?rest_route=%2Fwp%2Fv2%2Fmedia&parent=59"}],"curies":[{"name":"wp","href":"https:\/\/api.w.org\/{rel}","templated":true}]}}