{"id":4212,"date":"2016-02-25T16:35:50","date_gmt":"2016-02-25T15:35:50","guid":{"rendered":"http:\/\/www.union-staw.at\/?page_id=4212"},"modified":"2025-08-28T04:52:59","modified_gmt":"2025-08-28T03:52:59","slug":"termine","status":"publish","type":"page","link":"https:\/\/www.union-staw.at\/?page_id=4212","title":{"rendered":"Tanztermine"},"content":{"rendered":"<p>Folgender Trainingsplan ist aktuell in Kraft:<\/p>\n<ul>\n<li><strong>Gro\u00dffl\u00e4chen-Practice bzw. freies Training:<\/strong> w\u00f6chentlich Donnerstag von 19:30 bis 20:30 im Turnsaal der Volksschule<\/li>\n<li><strong>Gruppentraining im Unionhaus mit Andreas H\u00f6rmann und Michaela Jell-Paradeiser: <\/strong>Sonntag 19:30 bis 20:30<strong><br \/>\n<\/strong><\/li>\n<\/ul>\n<p>Dar\u00fcber hinaus sind im Vereinshaus 1.Stock immer wieder Bl\u00f6cke f\u00fcr freies Training reserviert, die genutzt werden k\u00f6nnen &#8211; Detailinfo findet ihr im <a href=\"https:\/\/www.union-staw.at\/?page_id=3288\" target=\"_blank\" rel=\"noopener\">Stundenplan Union Vereinshaus 1.Stock<\/a><\/p>\n","protected":false},"excerpt":{"rendered":"<p>Folgender Trainingsplan ist aktuell in Kraft: Gro\u00dffl\u00e4chen-Practice bzw. freies Training: w\u00f6chentlich Donnerstag von 19:30 bis 20:30 im Turnsaal der Volksschule Gruppentraining im Unionhaus mit Andreas H\u00f6rmann und Michaela Jell-Paradeiser: Sonntag 19:30 bis 20:30 Dar\u00fcber hinaus sind im Vereinshaus 1.Stock immer \u2026 <a class=\"continue-reading-link\" href=\"https:\/\/www.union-staw.at\/?page_id=4212\">weiterlesen <span class=\"meta-nav\">&rarr; <\/span><\/a><\/p>\n","protected":false},"author":25,"featured_media":0,"parent":31,"menu_order":0,"comment_status":"closed","ping_status":"closed","template":"","meta":{"footnotes":""},"class_list":["post-4212","page","type-page","status-publish","hentry"],"_links":{"self":[{"href":"https:\/\/www.union-staw.at\/index.php?rest_route=\/wp\/v2\/pages\/4212","targetHints":{"allow":["GET"]}}],"collection":[{"href":"https:\/\/www.union-staw.at\/index.php?rest_route=\/wp\/v2\/pages"}],"about":[{"href":"https:\/\/www.union-staw.at\/index.php?rest_route=\/wp\/v2\/types\/page"}],"author":[{"embeddable":true,"href":"https:\/\/www.union-staw.at\/index.php?rest_route=\/wp\/v2\/users\/25"}],"replies":[{"embeddable":true,"href":"https:\/\/www.union-staw.at\/index.php?rest_route=%2Fwp%2Fv2%2Fcomments&post=4212"}],"version-history":[{"count":52,"href":"https:\/\/www.union-staw.at\/index.php?rest_route=\/wp\/v2\/pages\/4212\/revisions"}],"predecessor-version":[{"id":8289,"href":"https:\/\/www.union-staw.at\/index.php?rest_route=\/wp\/v2\/pages\/4212\/revisions\/8289"}],"up":[{"embeddable":true,"href":"https:\/\/www.union-staw.at\/index.php?rest_route=\/wp\/v2\/pages\/31"}],"wp:attachment":[{"href":"https:\/\/www.union-staw.at\/index.php?rest_route=%2Fwp%2Fv2%2Fmedia&parent=4212"}],"curies":[{"name":"wp","href":"https:\/\/api.w.org\/{rel}","templated":true}]}}