{"id":36,"date":"2013-01-16T20:03:37","date_gmt":"2013-01-16T19:03:37","guid":{"rendered":"http:\/\/www.union-staw.at\/wp\/?page_id=36"},"modified":"2025-08-28T04:50:58","modified_gmt":"2025-08-28T03:50:58","slug":"trainingszeiten","status":"publish","type":"page","link":"https:\/\/www.union-staw.at\/?page_id=36","title":{"rendered":"Trainingszeiten"},"content":{"rendered":"<h2>Tanzen Trainingszeiten<\/h2>\n<p><span style=\"text-decoration: underline;\"><em><br \/>\nDonnerstag &#8211; 19:30-20:30 Uhr<\/em><\/span><\/p>\n<p><strong>Gro\u00dffl\u00e4chen-Practice bzw. freies Training (Turnsaal der Volksschule)<br \/>\n<\/strong><\/p>\n<p>Trainingsm\u00f6glichkeit im Turnsaal der Volksschule<\/p>\n<p><span style=\"text-decoration: underline;\"><em><br \/>\nSonntag &#8211; 19:30-20:30 Uhr<\/em><\/span><\/p>\n<p><strong>Gruppentraining im Unionshaus mit Andreas H\u00f6rmann und Michaela Jell-Paradeiser<\/strong><\/p>\n<p>Basictechnik in den Standardt\u00e4nzen: Wiener Walzer, Tango, Langsamer Walzer, Foxtrott und in den lateinamerikanischen T\u00e4nzen: Samba, Cha cha cha, Rumba und Jive<\/p>\n<p>\u27a1 \u00a0 <a href=\"https:\/\/www.union-staw.at\/?page_id=4212#AktuelleTanzermine\">Details zu den n\u00e4chsten Tanzterminen<\/a><\/p>\n<p>&nbsp;<\/p>\n","protected":false},"excerpt":{"rendered":"<p>Tanzen Trainingszeiten Donnerstag &#8211; 19:30-20:30 Uhr Gro\u00dffl\u00e4chen-Practice bzw. freies Training (Turnsaal der Volksschule) Trainingsm\u00f6glichkeit im Turnsaal der Volksschule Sonntag &#8211; 19:30-20:30 Uhr Gruppentraining im Unionshaus mit Andreas H\u00f6rmann und Michaela Jell-Paradeiser Basictechnik in den Standardt\u00e4nzen: Wiener Walzer, Tango, Langsamer Walzer, \u2026 <a class=\"continue-reading-link\" href=\"https:\/\/www.union-staw.at\/?page_id=36\">weiterlesen <span class=\"meta-nav\">&rarr; <\/span><\/a><\/p>\n","protected":false},"author":2,"featured_media":0,"parent":31,"menu_order":0,"comment_status":"closed","ping_status":"closed","template":"","meta":{"footnotes":""},"class_list":["post-36","page","type-page","status-publish","hentry"],"_links":{"self":[{"href":"https:\/\/www.union-staw.at\/index.php?rest_route=\/wp\/v2\/pages\/36","targetHints":{"allow":["GET"]}}],"collection":[{"href":"https:\/\/www.union-staw.at\/index.php?rest_route=\/wp\/v2\/pages"}],"about":[{"href":"https:\/\/www.union-staw.at\/index.php?rest_route=\/wp\/v2\/types\/page"}],"author":[{"embeddable":true,"href":"https:\/\/www.union-staw.at\/index.php?rest_route=\/wp\/v2\/users\/2"}],"replies":[{"embeddable":true,"href":"https:\/\/www.union-staw.at\/index.php?rest_route=%2Fwp%2Fv2%2Fcomments&post=36"}],"version-history":[{"count":18,"href":"https:\/\/www.union-staw.at\/index.php?rest_route=\/wp\/v2\/pages\/36\/revisions"}],"predecessor-version":[{"id":8287,"href":"https:\/\/www.union-staw.at\/index.php?rest_route=\/wp\/v2\/pages\/36\/revisions\/8287"}],"up":[{"embeddable":true,"href":"https:\/\/www.union-staw.at\/index.php?rest_route=\/wp\/v2\/pages\/31"}],"wp:attachment":[{"href":"https:\/\/www.union-staw.at\/index.php?rest_route=%2Fwp%2Fv2%2Fmedia&parent=36"}],"curies":[{"name":"wp","href":"https:\/\/api.w.org\/{rel}","templated":true}]}}