{"id":2413,"date":"2013-09-17T10:00:07","date_gmt":"2013-09-17T09:00:07","guid":{"rendered":"http:\/\/www.union-staw.at\/?page_id=2413"},"modified":"2024-12-02T13:13:51","modified_gmt":"2024-12-02T12:13:51","slug":"trainingszeiten-leichtathletik","status":"publish","type":"page","link":"https:\/\/www.union-staw.at\/?page_id=2413","title":{"rendered":"Trainingszeiten Leichtathletik"},"content":{"rendered":"<p style=\"text-align: left;\"><strong>Leichtathletik 2024<\/strong><\/p>\n<p style=\"text-align: left;\"><strong> \u00a0 \u00a0 \u00a0 \u00a0<\/strong><\/p>\n<h3><em><strong>Trainingsstart Herbst 2024 \u00a0 &#8212; \u00a017.9.2024<\/strong><\/em><\/h3>\n<h3><em><strong>Training jeden Dienstag \u00a0&#8212; 17:30 bis 18:30 oder 17:30 bis 19:0<\/strong><\/em><\/h3>\n<p>&nbsp;<\/p>\n<p><strong>je nach Trainingsort und Jahreszeit<\/strong><\/p>\n<p style=\"text-align: left;\">Dienstag<strong> 17.09.2024 bis 17.12.2024<\/strong>\u00a0 \u00a0 \u00a0 \u00a0 \u00a0Training von\u00a0<strong>17:30 bis 18:30 (19:00)<\/strong>Uhr<\/p>\n<p>Dienstag<strong> 07.01.2025 bis 17.06.2025<\/strong>\u00a0 \u00a0 \u00a0 \u00a0 \u00a0Training von\u00a0<strong>17:30 bis 18:30 (19:00)<\/strong>Uhr<\/p>\n<p>Dienstag<strong> 09.09.2025 bis 16.12.2024<\/strong>\u00a0 \u00a0 \u00a0 \u00a0 \u00a0Training von\u00a0<strong>17:30 bis 18:30 (19:00)<\/strong>Uhr<\/p>\n<p><strong>Das Training findet im Turnsaal der Harald Godai-Volksschule in St.Andr\u00e4 W\u00f6rdern oder am Unionsgel\u00e4nde (Nibelungenring) statt.<\/strong><\/p>\n<p>Die Kosten betragen:<\/p>\n<p><strong>80\u20ac<\/strong> f\u00fcr das Training \u00a0J\u00e4nner bis Dezember<\/p>\n<p><strong>60\u20ac<\/strong> f\u00fcr das Training \u00a0April bis Dezember<\/p>\n<p><strong>40\u20ac<\/strong> f\u00fcr das Training \u00a0 September bis Dezember<\/p>\n<p>In den Schulferien (Semester-, Oster-, Sommer-, Herbst- und Weihnachtsferien) findet kein Training statt.<\/p>\n<p><em>Laufen,\u00a0Staffellauf,\u00a0H\u00fcrdenlauf,\u00a0Standweitsprung,\u00a0Stabweitsprung,\u00a0Weitsprung, \u00a0<\/em><\/p>\n<p><em>Heuler-Wurfrakete,\u00a0Hochsprung, Kugelsto\u00dfen<\/em><\/p>\n<p><em>Koordination,\u00a0Kondition,\u00a0Beweglichkeit,\u00a0Geschicklichkeit,\u00a0Schnelligkeit<\/em><\/p>\n<p>&nbsp;<\/p>\n<p>Wenn Du Lust hast, Dich im Laufen, Springen und Werfen zu messen oder Du einfach nur Spa\u00df an Bewegung hast.<\/p>\n<p>Dann komm zu uns. Wir freuen uns auf Dein kommen.<\/p>\n<p><strong><em>WO: Unionsgel\u00e4nde St. Andr\u00e4 W\u00f6rdern, Nibelungenring 28 oder\u00a0im Turnsaal der Harald Godai-Volksschule in St.Andr\u00e4 W\u00f6rdern<\/em><\/strong><\/p>\n<p><strong><em>Das Training wir f\u00fcr Kinder und Jugendliche im Alter zwischen 6 und 12 Jahren angeboten.<\/em><\/strong><\/p>\n<p>Mitzubringen sind Sportkleidung und ausreichend zu trinken.<\/p>\n<p>Hallenschuhe in den Wintermonaten<\/p>\n<p><strong>Informationen unter\u00a0la-union@gmx.at\u00a0oder 0664\/619 25 48<\/strong><\/p>\n","protected":false},"excerpt":{"rendered":"<p>Leichtathletik 2024 \u00a0 \u00a0 \u00a0 \u00a0 Trainingsstart Herbst 2024 \u00a0 &#8212; \u00a017.9.2024 Training jeden Dienstag \u00a0&#8212; 17:30 bis 18:30 oder 17:30 bis 19:0 &nbsp; je nach Trainingsort und Jahreszeit Dienstag 17.09.2024 bis 17.12.2024\u00a0 \u00a0 \u00a0 \u00a0 \u00a0Training von\u00a017:30 bis 18:30 \u2026 <a class=\"continue-reading-link\" href=\"https:\/\/www.union-staw.at\/?page_id=2413\">weiterlesen <span class=\"meta-nav\">&rarr; <\/span><\/a><\/p>\n","protected":false},"author":14,"featured_media":0,"parent":0,"menu_order":0,"comment_status":"closed","ping_status":"closed","template":"","meta":{"footnotes":""},"class_list":["post-2413","page","type-page","status-publish","hentry"],"_links":{"self":[{"href":"https:\/\/www.union-staw.at\/index.php?rest_route=\/wp\/v2\/pages\/2413","targetHints":{"allow":["GET"]}}],"collection":[{"href":"https:\/\/www.union-staw.at\/index.php?rest_route=\/wp\/v2\/pages"}],"about":[{"href":"https:\/\/www.union-staw.at\/index.php?rest_route=\/wp\/v2\/types\/page"}],"author":[{"embeddable":true,"href":"https:\/\/www.union-staw.at\/index.php?rest_route=\/wp\/v2\/users\/14"}],"replies":[{"embeddable":true,"href":"https:\/\/www.union-staw.at\/index.php?rest_route=%2Fwp%2Fv2%2Fcomments&post=2413"}],"version-history":[{"count":31,"href":"https:\/\/www.union-staw.at\/index.php?rest_route=\/wp\/v2\/pages\/2413\/revisions"}],"predecessor-version":[{"id":7971,"href":"https:\/\/www.union-staw.at\/index.php?rest_route=\/wp\/v2\/pages\/2413\/revisions\/7971"}],"wp:attachment":[{"href":"https:\/\/www.union-staw.at\/index.php?rest_route=%2Fwp%2Fv2%2Fmedia&parent=2413"}],"curies":[{"name":"wp","href":"https:\/\/api.w.org\/{rel}","templated":true}]}}