{"id":22,"date":"2013-01-16T20:00:23","date_gmt":"2013-01-16T19:00:23","guid":{"rendered":"http:\/\/www.union-staw.at\/wp\/?page_id=22"},"modified":"2025-09-16T05:39:41","modified_gmt":"2025-09-16T04:39:41","slug":"skiclub","status":"publish","type":"page","link":"https:\/\/www.union-staw.at\/?page_id=22","title":{"rendered":"Ski-Club"},"content":{"rendered":"<h4 style=\"text-align: center;\">Willkommen beim Ski-Club der Sportunion St. Andr\u00e4-W\u00f6rdern<\/h4>\n<h4 style=\"text-align: center;\"><a href=\"https:\/\/www.amazon.de\/clouddrive\/share\/V66fGI4guad6dDPKlttCi3jIm1ObS6NFzpdEUoRbUuG\" target=\"_blank\" rel=\"noopener noreferrer\">Hier gehts zu den Bilderalben<\/a><\/h4>\n<h4 style=\"text-align: center;\"><\/h4>\n<p>Die Sektion Ski ist eine der neun Sektionen der Sportunion St. Andr\u00e4-W\u00f6rdern.<\/p>\n<p>Sie wurde vor \u00fcber 45 Jahren \u2014 im November 1976 \u2014 unter der Bezeichnung \u201eSKI-CLUB\u201c gegr\u00fcndet.<\/p>\n<p>Alle Aktivit\u00e4ten der Sektion Ski werden in der Sportunion-Zeitschrift \u201eDer Ring\u201c bzw. auf der Homepage ver\u00f6ffentlicht.<\/p>\n<p>Unser Zuhause ist der Ski-Clubraum im Sportunion-Clubhaus <a href=\"http:\/\/www.hsstaw.at\/~union\/skiclub\/veranstalltungen.htm\">in 3423 W\u00f6rdern, Nibelungenring 28<\/a>.<\/p>\n<p>Sektionsleitung:\u00a0 <span style=\"color: #00ccff;\"><strong>Rudi Mantsch, Am Engelrain 1, 3423 W\u00f6rdern\u00a0<\/strong><\/span>\u00a0 \u00a0 \u00a0 \u00a0 @mail: <a href=\"mailto:union.ski@aon.at\">ski@union-staw.at<\/a><\/p>\n<p>Derzeit umfasst unser Standardprogramm:<\/p>\n<ul>\n<li>FIT for SNOW (Konditions-, Kraft- und Ausdauertraining)<\/li>\n<li>Saisonstart im Dezember nachKaprun (4 \u2013 Tagesreise)<\/li>\n<li>Skiservice im Clubhaus (f\u00fcr Mitglieder)<\/li>\n<li>Adventfeier im Clubhaus<\/li>\n<li>Skikurstage in den Weihnachtsferien<\/li>\n<li>Skisportwoche in der 2. J\u00e4nnerwoche<\/li>\n<li>Semesterskiurlaub ins Montafon<\/li>\n<li>Saisonabschlussfahrt (Ischgl, 4 od. 5 Tagesreise)<\/li>\n<li>Volleyball jeden Montag nach FIT for SNOW<\/li>\n<li>Grillabend zum Saisonabschlu\u00df<\/li>\n<li>Beachvolleyball von Ende Mai bis September am Uniongel\u00e4nde<\/li>\n<\/ul>\n<p>Weiters werden fallweise Bekleidungsaktionen angeboten.<\/p>\n<p>&nbsp;<\/p>\n<p><img loading=\"lazy\" decoding=\"async\" class=\"aligncenter\" src=\"https:\/\/www.union-staw.at\/wp\/wp-content\/uploads\/jos_stories\/skiclub\/Hintergrung_Veranstalltungen.jpg\" alt=\"Hintergrung_Veranstalltungen\" width=\"452\" height=\"300\" \/><\/p>\n<p>Folgende Funktion\u00e4re und Helfer unterst\u00fctzen unseren Club bei der Durchf\u00fchrung dieser Aktivit\u00e4ten:<\/p>\n<table style=\"width: 99.7815%; height: 637px;\" border=\"1\" cellspacing=\"0\" cellpadding=\"0\">\n<tbody>\n<tr style=\"height: 45px;\">\n<td style=\"width: 48.3744%; height: 45px;\"><span style=\"background-color: #ffffff; color: #000000;\">\u00a0Christoph Brunner<\/span><\/td>\n<td style=\"width: 51.2807%; height: 45px;\"><span style=\"background-color: #ffffff; color: #000000;\">\u00a0Skikursleiter<\/span><\/td>\n<\/tr>\n<tr style=\"height: 44px;\">\n<td style=\"width: 48.3744%; height: 44px;\"><span style=\"background-color: #ffffff; color: #000000;\">\u00a0Franz Kranawetter<\/span><\/td>\n<td style=\"width: 51.2807%; height: 44px;\"><span style=\"background-color: #ffffff; color: #000000;\">\u00a0staatlich gepr\u00fcfter Skiinstruktor<\/span><\/td>\n<\/tr>\n<tr style=\"height: 43px;\">\n<td style=\"width: 48.3744%; height: 43px;\"><span style=\"background-color: #ffffff; color: #000000;\">\u00a0Rudolf Mantsch<\/span><\/td>\n<td style=\"width: 51.2807%; height: 43px;\"><span style=\"background-color: #ffffff; color: #000000;\">\u00a0staatlich gepr\u00fcfter Skiinstruktor<\/span><\/td>\n<\/tr>\n<tr style=\"height: 45px;\">\n<td style=\"width: 48.3744%; height: 45px;\"><span style=\"background-color: #ffffff; color: #000000;\">\u00a0Karin Schweighofer<\/span><\/td>\n<td style=\"width: 51.2807%; height: 45px;\"><span style=\"background-color: #ffffff; color: #000000;\">\u00a0Kassier<\/span><\/td>\n<\/tr>\n<tr style=\"height: 44px;\">\n<td style=\"width: 48.3744%; height: 44px;\"><span style=\"background-color: #ffffff; color: #000000;\">\u00a0Norbert Sautner<\/span><\/td>\n<td style=\"width: 51.2807%; height: 44px;\">Mann f\u00fcr alles<\/td>\n<\/tr>\n<tr style=\"height: 41px;\">\n<td style=\"width: 48.3744%; height: 41px;\">Nikki F\u00fcrnsinn<\/td>\n<td style=\"width: 51.2807%; height: 41px;\"><span style=\"background-color: #ffffff; color: #000000;\"> Skikursleiter<\/span><\/td>\n<\/tr>\n<tr style=\"height: 10px;\">\n<td style=\"width: 48.3744%; height: 34px;\"><span style=\"background-color: #ffffff; color: #000000;\">\u00a0Mag. Andrea M\u00fcller<\/span><\/td>\n<td style=\"width: 51.2807%; height: 34px;\"><span style=\"background-color: #ffffff; color: #000000;\">\u00a0staatl. gepr. FIT-Lehrwartin, <\/span><span style=\"background-color: #ffffff; color: #000000;\"> \u00a0Fit for snow Training<\/span><\/td>\n<\/tr>\n<tr style=\"height: 42px;\">\n<td style=\"width: 48.3744%; height: 42px;\"><span style=\"background-color: #ffffff; color: #000000;\">\u00a0Karin Schweighofer jun.<\/span><\/td>\n<td style=\"width: 51.2807%; height: 42px;\"><span style=\"background-color: #ffffff; color: #000000;\">\u00a0Snowboardlehrer \u2013 Anw\u00e4rter, <\/span><span style=\"background-color: #ffffff; color: #000000;\">\u00a0Skikurshelfer<\/span><\/td>\n<\/tr>\n<tr style=\"height: 47px;\">\n<td style=\"width: 48.3744%; height: 47px;\"><span style=\"background-color: #ffffff; color: #000000;\">\u00a0Wolfgang Bauer<\/span><\/td>\n<td style=\"width: 51.2807%; height: 47px;\"><span style=\"background-color: #ffffff; color: #000000;\">\u00a0staatlich gepr\u00fcfter Skiinstruktor<\/span><\/td>\n<\/tr>\n<tr style=\"height: 44px;\">\n<td style=\"width: 48.3744%; height: 44px;\"><span style=\"background-color: #ffffff; color: #000000;\"> Sonja Schweighofer<\/span><\/td>\n<td style=\"width: 51.2807%; height: 44px;\"><span style=\"background-color: #ffffff; color: #000000;\">\u00a0Organisation Ausfahrten, Social Media;<\/span><\/td>\n<\/tr>\n<tr style=\"height: 39px;\">\n<td style=\"width: 48.3744%; height: 39px;\">Thomas St\u00fcrzer<\/td>\n<td style=\"width: 51.2807%; height: 39px;\">\u00dcbungsleiter Ski<\/td>\n<\/tr>\n<\/tbody>\n<\/table>\n<p>&nbsp;<\/p>\n<table border=\"1\" cellspacing=\"0\" cellpadding=\"0\">\n<tbody>\n<tr style=\"height: 39px;\">\n<td style=\"width: 48.3744%; height: 39px;\">Stefan Altenberger<\/td>\n<td style=\"width: 51.2807%; height: 39px;\">Naturtalent<\/td>\n<\/tr>\n<\/tbody>\n<\/table>\n<p>Unsere Skiinstruktoren besuchen regelm\u00e4\u00dfig Fortbildungskurse des \u00d6sterreichischen Skiverbandes.<\/p>\n<p>Wie kannst Du Mitglied werden?<\/p>\n<p>Schreibe ein E-Mail an <a href=\"mailto:union.ski@aon.at\">ski@union-staw.at<\/a><\/p>\n<p>Mit Namen, Adresse, Geburtsdatum und der Angabe ob\u00a0Mitgliedschaft mit oder ohne \u00d6SV.<\/p>\n<p>Du bekommst dann ein <a href=\"https:\/\/www.union-staw.at\/?wpfb_dl=36\">Anmeldeformular<\/a> zugeschickt.<\/p>\n<p>Dieses musst Du unterschreiben und den <a href=\"https:\/\/www.union-staw.at\/?page_id=1656\">Mitgliedsbeitrag<\/a> einzahlen.<\/p>\n<p>Oder du kommst einfach zu unseren Terminen vorbei.<\/p>\n","protected":false},"excerpt":{"rendered":"<p>Willkommen beim Ski-Club der Sportunion St. Andr\u00e4-W\u00f6rdern Hier gehts zu den Bilderalben Die Sektion Ski ist eine der neun Sektionen der Sportunion St. Andr\u00e4-W\u00f6rdern. Sie wurde vor \u00fcber 45 Jahren \u2014 im November 1976 \u2014 unter der Bezeichnung \u201eSKI-CLUB\u201c gegr\u00fcndet. \u2026 <a class=\"continue-reading-link\" href=\"https:\/\/www.union-staw.at\/?page_id=22\">weiterlesen <span class=\"meta-nav\">&rarr; <\/span><\/a><\/p>\n","protected":false},"author":2,"featured_media":0,"parent":0,"menu_order":0,"comment_status":"closed","ping_status":"closed","template":"","meta":{"footnotes":""},"class_list":["post-22","page","type-page","status-publish","hentry"],"_links":{"self":[{"href":"https:\/\/www.union-staw.at\/index.php?rest_route=\/wp\/v2\/pages\/22","targetHints":{"allow":["GET"]}}],"collection":[{"href":"https:\/\/www.union-staw.at\/index.php?rest_route=\/wp\/v2\/pages"}],"about":[{"href":"https:\/\/www.union-staw.at\/index.php?rest_route=\/wp\/v2\/types\/page"}],"author":[{"embeddable":true,"href":"https:\/\/www.union-staw.at\/index.php?rest_route=\/wp\/v2\/users\/2"}],"replies":[{"embeddable":true,"href":"https:\/\/www.union-staw.at\/index.php?rest_route=%2Fwp%2Fv2%2Fcomments&post=22"}],"version-history":[{"count":31,"href":"https:\/\/www.union-staw.at\/index.php?rest_route=\/wp\/v2\/pages\/22\/revisions"}],"predecessor-version":[{"id":8325,"href":"https:\/\/www.union-staw.at\/index.php?rest_route=\/wp\/v2\/pages\/22\/revisions\/8325"}],"wp:attachment":[{"href":"https:\/\/www.union-staw.at\/index.php?rest_route=%2Fwp%2Fv2%2Fmedia&parent=22"}],"curies":[{"name":"wp","href":"https:\/\/api.w.org\/{rel}","templated":true}]}}