{"id":1656,"date":"2013-03-14T19:06:45","date_gmt":"2013-03-14T18:06:45","guid":{"rendered":"http:\/\/www.union-staw.at\/?page_id=1656"},"modified":"2025-09-16T05:42:41","modified_gmt":"2025-09-16T04:42:41","slug":"mitgliedsbeitrage","status":"publish","type":"page","link":"https:\/\/www.union-staw.at\/?page_id=1656","title":{"rendered":"Mitgliedsbeitr\u00e4ge Skiclub"},"content":{"rendered":"\r\n<p align=\"center\"><b>Mitgliedsbeitr\u00e4ge 2024\/25<\/b><\/p>\r\n<p>\u00a0<b>Regul\u00e4re Mitgliedschaft Sektion Ski<\/b><\/p>\r\n<p>Angebot<\/p>\r\n<ul>\r\n<li>FIT for SNOW und Volleyball am Montag von<br \/>19.30 bis 21.30 Uhr w\u00e4hrend der gesamten Saison (Oktober bis Mai)<\/li>\r\n<li>Ein- oder mehrt\u00e4gige Ausfahrten des Skiclubs zu den ver\u00f6ffentlichten Preisen<\/li>\r\n<li>Belag-Service zu Mitglieds-Preisen f\u00fcr eigene Skier bzw. eigenes Snowboard<\/li>\r\n<li>Jedes Mitglied erh\u00e4lt unsere Sportunion-Zeitschrift \u201eDer Ring\u201c mit<br \/>Informationen rund um den Skiclub und \u00fcber alle anderen Sektionen<\/li>\r\n<li>Fallweise Angebote f\u00fcr Bekleidungsaktionen<\/li>\r\n<\/ul>\r\n<p>Erwachsene\u00a0\u00a0\u00a0\u00a0\u00a0\u00a0\u00a0\u00a0\u00a0\u00a0\u00a0\u00a0\u00a0\u00a0\u00a0\u00a0\u00a0\u00a0\u00a0\u00a0\u00a0\u00a0\u00a0\u00a0\u00a0\u00a0\u00a0\u00a0\u00a0\u00a0\u00a0\u00a0\u00a0\u00a0\u00a0\u00a0\u00a0\u00a0\u00a0\u00a0\u00a0\u00a0\u00a0\u00a0\u00a0\u00a0\u00a0 \u00a0\u00a0\u20ac 90,-\/Jahr<\/p>\r\n<p>Jugendliche, Studenten\u00a0\u00a0\u00a0\u00a0\u00a0\u00a0\u00a0\u00a0\u00a0\u00a0\u00a0\u00a0\u00a0\u00a0\u00a0\u00a0\u00a0\u00a0\u00a0\u00a0\u00a0\u00a0\u00a0\u00a0\u00a0\u00a0\u00a0\u00a0\u00a0\u00a0\u00a0\u20ac 35,-\/Jahr<\/p>\r\n<p><b>Teil-Mitgliedschaft<\/b><\/p>\r\n<p>Wie regul\u00e4re Mitgliedschaft, jedoch ohne Teilnahme an FIT for SNOW\/Volleyball<\/p>\r\n<p style=\"padding-left: 240px;\">\u00a0 \u20ac 45,-\/Jahr<\/p>\r\n<p><b>Zus\u00e4tzliche \u00d6SV-Mitgliedschaft<\/b>\u00a0\u00a0\u00a0\u00a0\u00a0\u00a0\u00a0\u00a0 \u00a0\u20ac 40,-\/Jahr<\/p>\r\n<h2>\u00a0<\/h2>\r\n<h2>Wie kannst Du Mitglied werden?<\/h2>\r\n<h3>Eine E-Mail an: ski@union-staw.at<\/h3>\r\n<p>Mit Namen, Adresse, Geburtsdatum und der Angabe ob\u00a0Mitgliedschaft mit oder ohne \u00d6SV.<\/p>\r\n<p>Du bekommst dann ein <a href=\"https:\/\/www.union-staw.at\/?wpfb_dl=36\">Anmeldeformular<\/a> zugeschickt.<\/p>\r\n<p>Dieses musst Du unterschreiben und den Mitgliedsbeitrag einzahlen.<\/p>","protected":false},"excerpt":{"rendered":"<p>Mitgliedsbeitr\u00e4ge 2024\/25 \u00a0Regul\u00e4re Mitgliedschaft Sektion Ski Angebot FIT for SNOW und Volleyball am Montag von19.30 bis 21.30 Uhr w\u00e4hrend der gesamten Saison (Oktober bis Mai) Ein- oder mehrt\u00e4gige Ausfahrten des Skiclubs zu den ver\u00f6ffentlichten Preisen Belag-Service zu Mitglieds-Preisen f\u00fcr eigene \u2026 <a class=\"continue-reading-link\" href=\"https:\/\/www.union-staw.at\/?page_id=1656\">weiterlesen <span class=\"meta-nav\">&rarr; <\/span><\/a><\/p>\n","protected":false},"author":2,"featured_media":0,"parent":22,"menu_order":0,"comment_status":"closed","ping_status":"closed","template":"","meta":{"footnotes":""},"class_list":["post-1656","page","type-page","status-publish","hentry"],"_links":{"self":[{"href":"https:\/\/www.union-staw.at\/index.php?rest_route=\/wp\/v2\/pages\/1656","targetHints":{"allow":["GET"]}}],"collection":[{"href":"https:\/\/www.union-staw.at\/index.php?rest_route=\/wp\/v2\/pages"}],"about":[{"href":"https:\/\/www.union-staw.at\/index.php?rest_route=\/wp\/v2\/types\/page"}],"author":[{"embeddable":true,"href":"https:\/\/www.union-staw.at\/index.php?rest_route=\/wp\/v2\/users\/2"}],"replies":[{"embeddable":true,"href":"https:\/\/www.union-staw.at\/index.php?rest_route=%2Fwp%2Fv2%2Fcomments&post=1656"}],"version-history":[{"count":23,"href":"https:\/\/www.union-staw.at\/index.php?rest_route=\/wp\/v2\/pages\/1656\/revisions"}],"predecessor-version":[{"id":8327,"href":"https:\/\/www.union-staw.at\/index.php?rest_route=\/wp\/v2\/pages\/1656\/revisions\/8327"}],"up":[{"embeddable":true,"href":"https:\/\/www.union-staw.at\/index.php?rest_route=\/wp\/v2\/pages\/22"}],"wp:attachment":[{"href":"https:\/\/www.union-staw.at\/index.php?rest_route=%2Fwp%2Fv2%2Fmedia&parent=1656"}],"curies":[{"name":"wp","href":"https:\/\/api.w.org\/{rel}","templated":true}]}}