{"id":135,"date":"2013-01-17T00:14:03","date_gmt":"2013-01-16T23:14:03","guid":{"rendered":"http:\/\/www.union-staw.at\/wp\/?page_id=135"},"modified":"2013-03-20T13:32:44","modified_gmt":"2013-03-20T12:32:44","slug":"chronik","status":"publish","type":"page","link":"https:\/\/www.union-staw.at\/?page_id=135","title":{"rendered":"Chronik"},"content":{"rendered":"<p>Bei der 19. Jahreshauptversammlung der Sportunion St.Andr\u00e4-W\u00f6rdern, am 6.Dezember 1974, wurde die Sektion Wandern gegr\u00fcndet. Die Ziele der Sektion wurden mit Wanderungen in der Umgebung, Teilnahme an Volkssportwandertagen des IVV <a href=\"https:\/\/www.union-staw.at\/wp\/wp-content\/uploads\/2013\/01\/W-Logo.jpg\"><img loading=\"lazy\" decoding=\"async\" class=\" wp-image-1747 alignright\" alt=\"W-Logo\" src=\"https:\/\/www.union-staw.at\/wp\/wp-content\/uploads\/2013\/01\/W-Logo.jpg\" width=\"241\" height=\"229\" srcset=\"https:\/\/www.union-staw.at\/wp\/wp-content\/uploads\/2013\/01\/W-Logo.jpg 668w, https:\/\/www.union-staw.at\/wp\/wp-content\/uploads\/2013\/01\/W-Logo-300x285.jpg 300w\" sizes=\"auto, (max-width: 241px) 100vw, 241px\" \/><\/a>(Internationaler Volkssportverband),<\/p>\n<p>Einf\u00fchrung in Gel\u00e4nde und Kartenkunde, Information \u00fcber Wanderm\u00f6glichkeiten, Planung und\u00a0 Durchf\u00fchrung von Bergtouren sowie monatliche Zusammenk\u00fcnfte festgelegt.In der Zeit von 1976 \u2013 1995 wurden 20 internationale Wandertage (IVV) veranstaltet.<\/p>\n<p>.<\/p>\n<p>Auch das Weitwandern machte vor uns nicht halt. So wurden z.B. der Nordalpenweg 01, der Nord \u2013 S\u00fcdweg 05, der Mariazellerweg (Wegesystem) 06, der Eisenwurzenweg 08 und der Salzsteigweg 09\u00a0 erwandert.<\/p>\n<p>Seit dem Jahre 1982 werden zweimal im Jahr mehrt\u00e4gige Wanderausfl\u00fcge veranstaltet. Im Juni eine Wanderwoche und im Oktober ein Vier-tages-Herbstausflug.<\/p>\n<p><a href=\"https:\/\/www.union-staw.at\/wp\/wp-content\/uploads\/2013\/03\/Kogelkreuz-.jpg\"><img decoding=\"async\" class=\"alignnone size-full wp-image-1743\" alt=\"Kogelkreuz\" src=\"https:\/\/www.union-staw.at\/wp\/wp-content\/uploads\/2013\/03\/Kogelkreuz-.jpg\" \/><\/a><\/p>\n<p>Das Motto der Sektion Wandern:<\/p>\n<p><b>\u201cBleib gesund und fit, komm&#8216; und wandere mit!\u201d<\/b><b><\/b><\/p>\n","protected":false},"excerpt":{"rendered":"<p>Bei der 19. Jahreshauptversammlung der Sportunion St.Andr\u00e4-W\u00f6rdern, am 6.Dezember 1974, wurde die Sektion Wandern gegr\u00fcndet. Die Ziele der Sektion wurden mit Wanderungen in der Umgebung, Teilnahme an Volkssportwandertagen des IVV (Internationaler Volkssportverband), Einf\u00fchrung in Gel\u00e4nde und Kartenkunde, Information \u00fcber Wanderm\u00f6glichkeiten, \u2026 <a class=\"continue-reading-link\" href=\"https:\/\/www.union-staw.at\/?page_id=135\">weiterlesen <span class=\"meta-nav\">&rarr; <\/span><\/a><\/p>\n","protected":false},"author":2,"featured_media":0,"parent":130,"menu_order":0,"comment_status":"closed","ping_status":"closed","template":"","meta":{"footnotes":""},"class_list":["post-135","page","type-page","status-publish","hentry"],"_links":{"self":[{"href":"https:\/\/www.union-staw.at\/index.php?rest_route=\/wp\/v2\/pages\/135","targetHints":{"allow":["GET"]}}],"collection":[{"href":"https:\/\/www.union-staw.at\/index.php?rest_route=\/wp\/v2\/pages"}],"about":[{"href":"https:\/\/www.union-staw.at\/index.php?rest_route=\/wp\/v2\/types\/page"}],"author":[{"embeddable":true,"href":"https:\/\/www.union-staw.at\/index.php?rest_route=\/wp\/v2\/users\/2"}],"replies":[{"embeddable":true,"href":"https:\/\/www.union-staw.at\/index.php?rest_route=%2Fwp%2Fv2%2Fcomments&post=135"}],"version-history":[{"count":10,"href":"https:\/\/www.union-staw.at\/index.php?rest_route=\/wp\/v2\/pages\/135\/revisions"}],"predecessor-version":[{"id":1753,"href":"https:\/\/www.union-staw.at\/index.php?rest_route=\/wp\/v2\/pages\/135\/revisions\/1753"}],"up":[{"embeddable":true,"href":"https:\/\/www.union-staw.at\/index.php?rest_route=\/wp\/v2\/pages\/130"}],"wp:attachment":[{"href":"https:\/\/www.union-staw.at\/index.php?rest_route=%2Fwp%2Fv2%2Fmedia&parent=135"}],"curies":[{"name":"wp","href":"https:\/\/api.w.org\/{rel}","templated":true}]}}