{"id":13,"date":"2013-01-16T19:24:20","date_gmt":"2013-01-16T18:24:20","guid":{"rendered":"http:\/\/www.union-staw.at\/wp\/?page_id=13"},"modified":"2026-03-03T19:28:33","modified_gmt":"2026-03-03T18:28:33","slug":"leichtathletik","status":"publish","type":"page","link":"https:\/\/www.union-staw.at\/?page_id=13","title":{"rendered":"Leichtathletik"},"content":{"rendered":"<h2 align=\"center\"><strong>Derzeit, J\u00e4nner 26 &#8211; April 26 findet kein Training statt.\u00a0<\/strong><\/h2>\n<h2 align=\"center\"><\/h2>\n<h2 style=\"text-align: center;\" align=\"center\">Leichtathletik<\/h2>\n<h2 style=\"text-align: center;\" align=\"center\">\u201eSchneller, H\u00f6her, Weiter\u201c<\/h2>\n<p style=\"text-align: center;\">Willkommen bei der Leichtathletik &#8211; Gruppe der Sportunion St. Andr\u00e4-W\u00f6rdern<\/p>\n<h3 style=\"text-align: center;\" align=\"center\"><b>LEICHTATHLETIK<\/b><\/h3>\n<p style=\"text-align: center;\" align=\"center\">F\u00dcR KINDER UND JUGENDLICHE VON 8 \u2013 12 JAHREN<\/p>\n<p style=\"text-align: center;\" align=\"center\">Die \u00dcbungsstunden finden Wetterabh\u00e4ngig am Freigel\u00e4nde der<\/p>\n<p style=\"text-align: center;\" align=\"center\">Sportunion St.Andr\u00e4-W\u00f6rdern, Nibelungenring 28 oder im Voklsschulturnsaal STAW statt.<\/p>\n<p style=\"text-align: center;\"><i>Laufen &#8211;\u00a0Staffellauf &#8211;\u00a0H\u00fcrdenlauf &#8211;\u00a0Standweitsprung &#8211;\u00a0Stabweitsprung &#8211;\u00a0Weitsprung \u2013\u00a0Hochsprung<\/i>, <i>Heulerwurfrakete \u2013\u00a0Kugelsto\u00dfen<\/i><\/p>\n<p style=\"text-align: center;\"><i>Koordination &#8211;\u00a0Kondition &#8211;\u00a0Beweglichkeit &#8211;\u00a0Geschicklichkeit &#8211;\u00a0Schnelligkeit<\/i><\/p>\n<p style=\"text-align: center;\"><i>Was ist generell mitzubringen?<\/i><\/p>\n<p style=\"text-align: center;\"><i>Bequeme Kleidung,\u00a0Kurze Hose, T-Shirt, Sportschuhe<\/i><\/p>\n<p style=\"text-align: center;\"><i>Bei niedrigen Temperaturen<\/i><\/p>\n<p style=\"text-align: center;\"><i>Trainingsanzug, Handschuhe, Haube<\/i><\/p>\n<p style=\"text-align: center;\"><i>Trinken nicht vergessen.<\/i><\/p>\n<p style=\"text-align: center;\"><i>\u00a0<\/i><\/p>\n<p style=\"text-align: center;\"><i>F\u00fcr Fragen stehe ich unter 0664\/6192548 \u00a0gerne zur Verf\u00fcgung<\/i><\/p>\n<p style=\"text-align: center;\"><b>Ich freue mich\u00a0auf euer zahlreiches Kommen.<\/b><\/p>\n","protected":false},"excerpt":{"rendered":"<p>Derzeit, J\u00e4nner 26 &#8211; April 26 findet kein Training statt.\u00a0 Leichtathletik \u201eSchneller, H\u00f6her, Weiter\u201c Willkommen bei der Leichtathletik &#8211; Gruppe der Sportunion St. Andr\u00e4-W\u00f6rdern LEICHTATHLETIK F\u00dcR KINDER UND JUGENDLICHE VON 8 \u2013 12 JAHREN Die \u00dcbungsstunden finden Wetterabh\u00e4ngig am Freigel\u00e4nde \u2026 <a class=\"continue-reading-link\" href=\"https:\/\/www.union-staw.at\/?page_id=13\">weiterlesen <span class=\"meta-nav\">&rarr; <\/span><\/a><\/p>\n","protected":false},"author":2,"featured_media":0,"parent":0,"menu_order":0,"comment_status":"closed","ping_status":"closed","template":"","meta":{"footnotes":""},"class_list":["post-13","page","type-page","status-publish","hentry"],"_links":{"self":[{"href":"https:\/\/www.union-staw.at\/index.php?rest_route=\/wp\/v2\/pages\/13","targetHints":{"allow":["GET"]}}],"collection":[{"href":"https:\/\/www.union-staw.at\/index.php?rest_route=\/wp\/v2\/pages"}],"about":[{"href":"https:\/\/www.union-staw.at\/index.php?rest_route=\/wp\/v2\/types\/page"}],"author":[{"embeddable":true,"href":"https:\/\/www.union-staw.at\/index.php?rest_route=\/wp\/v2\/users\/2"}],"replies":[{"embeddable":true,"href":"https:\/\/www.union-staw.at\/index.php?rest_route=%2Fwp%2Fv2%2Fcomments&post=13"}],"version-history":[{"count":11,"href":"https:\/\/www.union-staw.at\/index.php?rest_route=\/wp\/v2\/pages\/13\/revisions"}],"predecessor-version":[{"id":8544,"href":"https:\/\/www.union-staw.at\/index.php?rest_route=\/wp\/v2\/pages\/13\/revisions\/8544"}],"wp:attachment":[{"href":"https:\/\/www.union-staw.at\/index.php?rest_route=%2Fwp%2Fv2%2Fmedia&parent=13"}],"curies":[{"name":"wp","href":"https:\/\/api.w.org\/{rel}","templated":true}]}}