{"id":117,"date":"2013-01-17T00:08:07","date_gmt":"2013-01-16T23:08:07","guid":{"rendered":"http:\/\/www.union-staw.at\/wp\/?page_id=117"},"modified":"2025-08-19T18:29:38","modified_gmt":"2025-08-19T17:29:38","slug":"volleyball","status":"publish","type":"page","link":"https:\/\/www.union-staw.at\/?page_id=117","title":{"rendered":"Volleyball"},"content":{"rendered":"<h3>Herzlich Willkommen \u00a0!!!<\/h3>\n<p>Gegr\u00fcndet im September 2008, hat diese Sektion mittlerweile schon mehr als 30 Mitglieder. Ob jung, oder etwas \u00e4lter, es wird gepritscht und gebaggert was das Zeug h\u00e4lt.<\/p>\n<p><img loading=\"lazy\" decoding=\"async\" class=\"aligncenter\" src=\"https:\/\/www.union-staw.at\/wp\/wp-content\/uploads\/jos_stories\/volleyball\/50_mischa_13.jpg\" alt=\"50_mischa_13\" width=\"466\" height=\"227\" \/><\/p>\n<p>Viel Spa\u00df beim Durchst\u00f6bern unseres Angebotes w\u00fcnscht Dir<\/p>\n<p><strong>Peter Seidl<\/strong><br \/>\n(Sektionsleiter Volleyball)<br \/>\nTel.: 0664 \/ 73 68 52 79<br \/>\nmailto: p.seidl-radda@gmx.at<\/p>\n<p>Unsere Kontoverbindung:<br \/>\nSportunion St. Andr\u00e4-W\u00f6rdern, Sektion Volleyball<br \/>\nVolksbank Nieder\u00f6sterreich AG<br \/>\nIBAN: AT74 4715 0425 3506 0000<br \/>\n(BIC: VBOEATWWNOM)<\/p>\n","protected":false},"excerpt":{"rendered":"<p>Herzlich Willkommen \u00a0!!! Gegr\u00fcndet im September 2008, hat diese Sektion mittlerweile schon mehr als 30 Mitglieder. Ob jung, oder etwas \u00e4lter, es wird gepritscht und gebaggert was das Zeug h\u00e4lt. Viel Spa\u00df beim Durchst\u00f6bern unseres Angebotes w\u00fcnscht Dir Peter Seidl \u2026 <a class=\"continue-reading-link\" href=\"https:\/\/www.union-staw.at\/?page_id=117\">weiterlesen <span class=\"meta-nav\">&rarr; <\/span><\/a><\/p>\n","protected":false},"author":2,"featured_media":0,"parent":0,"menu_order":0,"comment_status":"closed","ping_status":"closed","template":"","meta":{"footnotes":""},"class_list":["post-117","page","type-page","status-publish","hentry"],"_links":{"self":[{"href":"https:\/\/www.union-staw.at\/index.php?rest_route=\/wp\/v2\/pages\/117","targetHints":{"allow":["GET"]}}],"collection":[{"href":"https:\/\/www.union-staw.at\/index.php?rest_route=\/wp\/v2\/pages"}],"about":[{"href":"https:\/\/www.union-staw.at\/index.php?rest_route=\/wp\/v2\/types\/page"}],"author":[{"embeddable":true,"href":"https:\/\/www.union-staw.at\/index.php?rest_route=\/wp\/v2\/users\/2"}],"replies":[{"embeddable":true,"href":"https:\/\/www.union-staw.at\/index.php?rest_route=%2Fwp%2Fv2%2Fcomments&post=117"}],"version-history":[{"count":15,"href":"https:\/\/www.union-staw.at\/index.php?rest_route=\/wp\/v2\/pages\/117\/revisions"}],"predecessor-version":[{"id":8245,"href":"https:\/\/www.union-staw.at\/index.php?rest_route=\/wp\/v2\/pages\/117\/revisions\/8245"}],"wp:attachment":[{"href":"https:\/\/www.union-staw.at\/index.php?rest_route=%2Fwp%2Fv2%2Fmedia&parent=117"}],"curies":[{"name":"wp","href":"https:\/\/api.w.org\/{rel}","templated":true}]}}