{"id":113,"date":"2013-01-17T00:07:43","date_gmt":"2013-01-16T23:07:43","guid":{"rendered":"http:\/\/www.union-staw.at\/wp\/?page_id=113"},"modified":"2025-10-27T11:01:54","modified_gmt":"2025-10-27T10:01:54","slug":"trainingszeiten","status":"publish","type":"page","link":"https:\/\/www.union-staw.at\/?page_id=113","title":{"rendered":"Kursprogramm Turnen"},"content":{"rendered":"<h1>Turnen Trainingszeiten<\/h1>\n<h3><span style=\"color: #0000ff;\"><strong>Babytreff mit Agnes (Do, 9:00 \u2013 11:00 Uhr)<\/strong><\/span><\/h3>\n<p><span style=\"color: #ff0000;\"><strong>Beginn: 4.9.2025<\/strong><\/span><\/p>\n<ul>\n<li>Spiel- und Bewegungsimpulse \u2013 spielerische Aktivit\u00e4ten, die Spa\u00df machen und die Entwicklung deines Babys f\u00f6rdern<\/li>\n<li>Fr\u00fchst\u00fcck f\u00fcr Gro\u00df und Klein \u2013 genie\u00dft eine entspannte Zeit mit leckerem Essen und netten Gespr\u00e4chen<\/li>\n<li>Workshops \u2013 spannende Themen rund um Familie, Entwicklung und mehr<\/li>\n<\/ul>\n<p>Der Kurs ist gedacht f\u00fcr Schwangere und <strong>Eltern mit Kindern bis zum 2. Lebensjahr <\/strong><\/p>\n<p>Wo: Unionhaus (Nibelungenring 28, 3423 W\u00f6rdern)<\/p>\n<p>Kosten: 10\u20ac\/Einheit<\/p>\n<p><strong>Anmeldung bei Agnes Schattner unter:<\/strong><br \/>\n<a href=\"mailto:Agnes.schattner@gmx.at\" data-fr-linked=\"true\">Agnes.schattner@gmx.at<\/a><br \/>\n<a href=\"tel:+436764702620\">+43 676 4702620<\/a><br \/>\nInstagram: miniandme_derbabytreff<br \/>\nFacebook: mini&amp;me \u2013 der Babytreff<\/p>\n<h3><span style=\"color: #0000ff;\"><strong>Eltern-Kind-Turnen (Di, 16:30 \u2013 17:30 Uhr)<\/strong><\/span><\/h3>\n<p><span style=\"color: #000000;\"><strong>Leitung: Carola Steinb\u00f6ck und Marta Landing<\/strong><\/span><\/p>\n<p><span style=\"color: #ff0000;\"><strong>Beginn: 7.10.2025<br \/>\n<\/strong><\/span><\/p>\n<p>Die T\u00fcren zum Turnsaal sind f\u00fcr die Kleinen auch im neuen Schuljahr wieder weit ge\u00f6ffnet!<\/p>\n<p><strong>Alle Kinder ab 1,5-3 Jahren<\/strong> sind herzlich willkommen. Die Turnstunden finden jeden Dienstag von 16:30 Uhr bis 17:30 Uhr im Turnsaal der Volksschule St. Andr\u00e4-W\u00f6rdern statt.<\/p>\n<p>Infos unter: office@union-staw.at<\/p>\n<p>Der Mitgliedsbeitrag von 160\u20ac gilt f\u00fcr das gesamte Schuljahr.<\/p>\n<h3><span style=\"color: #0000ff;\"><strong>Kleinkinder-Turnen (Do, 16:30-17:30 Uhr)<\/strong><\/span><\/h3>\n<p><strong>Leitung: Karin Schweighofer und Daniela Leukermoser<br \/>\n<\/strong><\/p>\n<p><span style=\"color: #ff0000;\"><strong>Beginn: 9.10.2025<\/strong><\/span><\/p>\n<p>Wir freuen uns schon\u00a0 darauf, lauter kleine turnbegeisterte M\u00e4dchen und Buben <strong>(3 bis 5 Jahre)<\/strong> im Turnsaal zu treffen, um ihnen dabei zu helfen, sich mit allen Ger\u00e4ten anzufreunden um am Ende des Jahres Grundbegriffe des Ger\u00e4teturnens spielerisch erlernt zu haben.<\/p>\n<p>Infos unter: office@union-staw.at<\/p>\n<p>Der Mitgliedsbeitrag von 180 \u20ac gilt f\u00fcr das gesamte Schuljahr.<\/p>\n<h3><span style=\"color: #0000ff;\"><strong>Ger\u00e4tturnen \u2013 spielerisch f\u00fcr 6-10 J\u00e4hrige (Di, 16:30-18:00 Uhr)<\/strong><\/span><\/h3>\n<p><strong>Leitung: Constantia Zaric<\/strong><\/p>\n<p><span style=\"color: #ff0000;\"><strong>Beginn: 7.10.2025<br \/>\n<\/strong><\/span><\/p>\n<p>Das spielerische Ger\u00e4tturnen ist daf\u00fcr gedacht, die Kinder <strong>(6-10 Jahre)<\/strong> mit den Ger\u00e4ten bekannt zu machen und ihnen die ersten Basis\u00fcbungen beizubringen \u2013 die Freude an der Bewegung steht dabei im Mittelpunkt.<\/p>\n<p>Der Mitgliedsbeitrag betr\u00e4gt 280\u20ac und gilt f\u00fcr das gesamte Schuljahr.<\/p>\n<p>Infos unter: office@union-staw.at<\/p>\n<h3><span style=\"color: #0000ff;\"><strong>Ger\u00e4tturnen \u2013 Turn10 (10-16 Jahre), (Di, 18:00-19:30 Uhr)<\/strong><\/span><\/h3>\n<p><strong>Leitung: Jenny Rauscher<\/strong><\/p>\n<p><span style=\"color: #ff0000;\"><strong>Beginn: 7.10. 2025<\/strong><\/span><\/p>\n<p>F\u00fcr alle turnbegeisterten M\u00e4dchen und Buben, die ins Turn10 Programm hineinschnuppern wollen und an ihren Elementen weiter feilen m\u00f6chten.<\/p>\n<p>Die Freude und der Spa\u00df an der Bewegung auf den Gro\u00dfger\u00e4ten steht dabei im Mittelpunkt.<\/p>\n<p>Wir freuen uns schon auf viele neue und alte Gesichter!<\/p>\n<p>Der Mitgliedsbeitrag betr\u00e4gt 290\u20ac und gilt f\u00fcr das gesamte Schuljahr.<\/p>\n<p>Infos unter: office@union-staw.at<\/p>\n<h3><span style=\"color: #0000ff;\"><strong>Ger\u00e4tturnen \u2013 intensiv (leistungsorientiertes Turnen &amp; Kunstturnen), (Mo, Mi, Do 16:15-19:15 Uhr)<\/strong><\/span><\/h3>\n<p><strong>Leitung: Karin Schweighofer jun.\u00a0<\/strong><\/p>\n<p><span style=\"color: #ff0000;\"><strong>Beginn: 1.9.2025<\/strong><\/span><\/p>\n<p>Das intensive Ger\u00e4tturnen ist gedacht f\u00fcr<strong> Kinder, die bereits erste Turnerfahrungen (in den spielerischen Einheiten) gemacht<\/strong> haben und die Basiselemente beherrschen. Da das Training von unseren motivierten Trainerinnen sehr aufwendig und wettkampforientiert geplant wird, ist es wichtig, dass die Kinder regelm\u00e4\u00dfig zum Training erscheinen. Andernfalls kann kein aufbauendes Training stattfinden und dann fallen leider auch die tollen Erfolgserlebnisse und Fortschritte nicht ganz so zahlreich aus, wie sie sein k\u00f6nnten. Aus diesem Grund ist es uns auch ein besonderes Anliegen, dass die Kinder von Anfang an dabei sind. Es wird heuer sowohl im September als auch im Oktober Schnupperstunden geben. Bis dahin werden Anmeldungen entgegengenommen.<\/p>\n<p>Der Mitgliedsbeitrag betr\u00e4gt 790\u20ac und gilt f\u00fcr das gesamte Schuljahr.<\/p>\n<p>Infos bei Karin Schweighofer unter 0699 &#8211; 106 00 377<\/p>\n<h3><span style=\"color: #0000ff;\"><strong>Ger\u00e4tturnen \u2013 Erwachsene (Mi 19:00-20:15 Uhr)<\/strong><\/span><\/h3>\n<p><strong>Leitung: Karin und Sonja Schweighofer<br \/>\n<\/strong><\/p>\n<p><span style=\"color: #ff0000;\"><strong>Beginn: 1.10.2025\u00a0<\/strong><\/span><\/p>\n<p>D<span id=\"fbPhotoSnowliftCaption\" class=\"fbPhotosPhotoCaption\" tabindex=\"0\" data-ft=\"{&quot;tn&quot;:&quot;K&quot;}\"><span class=\"hasCaption\">ie Sektion Turnen bietet Turntraining f\u00fcr Erwachsene an!<br \/>\nAlle, die gern turnen und sich bewegen m\u00f6chten, von Anf\u00e4ngern bis Fortgeschrittene, sind herzlich willkommen&#8230;<\/span><\/span><span id=\"fbPhotoSnowliftTagList\" class=\"fbPhotoTagList\"><\/span>Jede Woche trifft man sich, um gemeinsam zu turnen und Spa\u00df zu haben. Ein Einstieg ist jederzeit m\u00f6glich \ud83d\ude09<\/p>\n<p>Der Mitgliedsbeitrag betr\u00e4gt 170\u20ac und gilt f\u00fcr das gesamte Schuljahr.<\/p>\n<p>Infos unter: office@union-staw.at<\/p>\n<h3><span style=\"color: #0000ff;\"><strong>Mitgliedsbeitr\u00e4ge:<\/strong><\/span><\/h3>\n<p>Eltern-Kind-Turnen 160\u20ac<\/p>\n<p>Kleinkinderturnen 180\u20ac<\/p>\n<p>Turnen spielerisch 280\u20ac<\/p>\n<p>Turnen f\u00fcr 10-16 J\u00e4hrige 290\u20ac<\/p>\n<p>Kunstturnen 790\u20ac<\/p>\n<p>Erwachsenenturnen 170\u20ac<\/p>\n<p>IBAN: AT36 4715 0420 5308 0100<\/p>\n","protected":false},"excerpt":{"rendered":"<p>Turnen Trainingszeiten Babytreff mit Agnes (Do, 9:00 \u2013 11:00 Uhr) Beginn: 4.9.2025 Spiel- und Bewegungsimpulse \u2013 spielerische Aktivit\u00e4ten, die Spa\u00df machen und die Entwicklung deines Babys f\u00f6rdern Fr\u00fchst\u00fcck f\u00fcr Gro\u00df und Klein \u2013 genie\u00dft eine entspannte Zeit mit leckerem Essen \u2026 <a class=\"continue-reading-link\" href=\"https:\/\/www.union-staw.at\/?page_id=113\">weiterlesen <span class=\"meta-nav\">&rarr; <\/span><\/a><\/p>\n","protected":false},"author":2,"featured_media":0,"parent":110,"menu_order":0,"comment_status":"closed","ping_status":"closed","template":"","meta":{"footnotes":""},"class_list":["post-113","page","type-page","status-publish","hentry"],"_links":{"self":[{"href":"https:\/\/www.union-staw.at\/index.php?rest_route=\/wp\/v2\/pages\/113","targetHints":{"allow":["GET"]}}],"collection":[{"href":"https:\/\/www.union-staw.at\/index.php?rest_route=\/wp\/v2\/pages"}],"about":[{"href":"https:\/\/www.union-staw.at\/index.php?rest_route=\/wp\/v2\/types\/page"}],"author":[{"embeddable":true,"href":"https:\/\/www.union-staw.at\/index.php?rest_route=\/wp\/v2\/users\/2"}],"replies":[{"embeddable":true,"href":"https:\/\/www.union-staw.at\/index.php?rest_route=%2Fwp%2Fv2%2Fcomments&post=113"}],"version-history":[{"count":70,"href":"https:\/\/www.union-staw.at\/index.php?rest_route=\/wp\/v2\/pages\/113\/revisions"}],"predecessor-version":[{"id":8353,"href":"https:\/\/www.union-staw.at\/index.php?rest_route=\/wp\/v2\/pages\/113\/revisions\/8353"}],"up":[{"embeddable":true,"href":"https:\/\/www.union-staw.at\/index.php?rest_route=\/wp\/v2\/pages\/110"}],"wp:attachment":[{"href":"https:\/\/www.union-staw.at\/index.php?rest_route=%2Fwp%2Fv2%2Fmedia&parent=113"}],"curies":[{"name":"wp","href":"https:\/\/api.w.org\/{rel}","templated":true}]}}